{"id":2241,"date":"2021-04-12T10:55:27","date_gmt":"2021-04-12T10:55:27","guid":{"rendered":"https:\/\/ellgeo.com\/?page_id=2241"},"modified":"2023-11-09T11:22:09","modified_gmt":"2023-11-09T11:22:09","slug":"claims-handling-management","status":"publish","type":"page","link":"https:\/\/ellgeo.com\/fr\/claims-handling-management\/","title":{"rendered":"Claims Handling &#038; Management"},"content":{"rendered":"<div class=\"wpb-content-wrapper\"><div class=\"vc_row wpb_row vc_row-fluid\"><div class=\"wpb_column vc_column_container vc_col-sm-12\"><div class=\"vc_column-inner\"><div class=\"wpb_wrapper\">\n\t<div class=\"wpb_text_column wpb_content_element\" >\n\t\t<div class=\"wpb_wrapper\">\n\t\t\t<p>La r\u00e9ussite de notre entreprise repose \u00e9galement sur une gestion efficace des sinistres, un aspect dont nous sommes tr\u00e8s fiers. Nous nous assurons que le processus de gestion des sinistres soit men\u00e9 de mani\u00e8re efficace, de la notification jusqu'au recouvrement, tout en apportant notre expertise technique. Notre engagement est de positionner la gestion des sinistres comme un \u00e9l\u00e9ment-cl\u00e9 dans toute la gamme de services que propose EllGeo Re.<\/p>\n\n\t\t<\/div>\n\t<\/div>\n<\/div><\/div><\/div><\/div>\n<\/div>","protected":false},"excerpt":{"rendered":"The success of our Company also hinges on the efficient handling of reinsurance claims, a facet in which we take great pride. We ensure the claims process is carried out in an efficient manner, from notification to recovery, while providing expertise on technical points. Our commitment is to position Claims Management as a vital value-adding... <a class=\"view-article\" href=\"https:\/\/ellgeo.com\/fr\/claims-handling-management\/\">Voir l'article<\/a>","protected":false},"author":1,"featured_media":2242,"parent":0,"menu_order":0,"comment_status":"closed","ping_status":"closed","template":"template-demo.php","meta":{"ngg_post_thumbnail":0,"footnotes":""},"class_list":["post-2241","page","type-page","status-publish","has-post-thumbnail","hentry"],"yoast_head":"<!-- This site is optimized with the Yoast SEO plugin v27.5 - https:\/\/yoast.com\/product\/yoast-seo-wordpress\/ -->\n<title>EllGeo Re - Claims Handling &amp; Management<\/title>\n<meta name=\"description\" content=\"The success of our Company also hinges on the efficient handling of reinsurance claims, a facet in which we take great pride.\" \/>\n<meta name=\"robots\" content=\"index, follow, max-snippet:-1, max-image-preview:large, max-video-preview:-1\" \/>\n<link rel=\"canonical\" href=\"https:\/\/ellgeo.com\/fr\/claims-handling-management\/\" \/>\n<meta property=\"og:locale\" content=\"fr_FR\" \/>\n<meta property=\"og:type\" content=\"article\" \/>\n<meta property=\"og:title\" content=\"EllGeo Re - Claims Handling &amp; Management\" \/>\n<meta property=\"og:description\" content=\"The success of our Company also hinges on the efficient handling of reinsurance claims, a facet in which we take great pride.\" \/>\n<meta property=\"og:url\" content=\"https:\/\/ellgeo.com\/fr\/claims-handling-management\/\" \/>\n<meta property=\"og:site_name\" content=\"EllGeo Re\" \/>\n<meta property=\"article:modified_time\" content=\"2023-11-09T11:22:09+00:00\" \/>\n<meta property=\"og:image\" content=\"https:\/\/ellgeo.com\/wp-content\/uploads\/2021\/04\/claims_banner.jpg\" \/>\n\t<meta property=\"og:image:width\" content=\"1920\" \/>\n\t<meta property=\"og:image:height\" content=\"520\" \/>\n\t<meta property=\"og:image:type\" content=\"image\/jpeg\" \/>\n<meta name=\"twitter:card\" content=\"summary_large_image\" \/>\n<meta name=\"twitter:label1\" content=\"Dur\u00e9e de lecture estim\u00e9e\" \/>\n\t<meta name=\"twitter:data1\" content=\"1 minute\" \/>\n<script type=\"application\/ld+json\" class=\"yoast-schema-graph\">{\"@context\":\"https:\\\/\\\/schema.org\",\"@graph\":[{\"@type\":\"WebPage\",\"@id\":\"https:\\\/\\\/ellgeo.com\\\/claims-handling-management\\\/\",\"url\":\"https:\\\/\\\/ellgeo.com\\\/claims-handling-management\\\/\",\"name\":\"EllGeo Re - Claims Handling & Management\",\"isPartOf\":{\"@id\":\"https:\\\/\\\/ellgeo.com\\\/#website\"},\"primaryImageOfPage\":{\"@id\":\"https:\\\/\\\/ellgeo.com\\\/claims-handling-management\\\/#primaryimage\"},\"image\":{\"@id\":\"https:\\\/\\\/ellgeo.com\\\/claims-handling-management\\\/#primaryimage\"},\"thumbnailUrl\":\"https:\\\/\\\/ellgeo.com\\\/wp-content\\\/uploads\\\/2021\\\/04\\\/claims_banner.jpg\",\"datePublished\":\"2021-04-12T10:55:27+00:00\",\"dateModified\":\"2023-11-09T11:22:09+00:00\",\"description\":\"The success of our Company also hinges on the efficient handling of reinsurance claims, a facet in which we take great pride.\",\"breadcrumb\":{\"@id\":\"https:\\\/\\\/ellgeo.com\\\/claims-handling-management\\\/#breadcrumb\"},\"inLanguage\":\"fr-FR\",\"potentialAction\":[{\"@type\":\"ReadAction\",\"target\":[\"https:\\\/\\\/ellgeo.com\\\/claims-handling-management\\\/\"]}]},{\"@type\":\"ImageObject\",\"inLanguage\":\"fr-FR\",\"@id\":\"https:\\\/\\\/ellgeo.com\\\/claims-handling-management\\\/#primaryimage\",\"url\":\"https:\\\/\\\/ellgeo.com\\\/wp-content\\\/uploads\\\/2021\\\/04\\\/claims_banner.jpg\",\"contentUrl\":\"https:\\\/\\\/ellgeo.com\\\/wp-content\\\/uploads\\\/2021\\\/04\\\/claims_banner.jpg\",\"width\":1920,\"height\":520},{\"@type\":\"BreadcrumbList\",\"@id\":\"https:\\\/\\\/ellgeo.com\\\/claims-handling-management\\\/#breadcrumb\",\"itemListElement\":[{\"@type\":\"ListItem\",\"position\":1,\"name\":\"Home\",\"item\":\"https:\\\/\\\/ellgeo.com\\\/\"},{\"@type\":\"ListItem\",\"position\":2,\"name\":\"Claims Handling &#038; Management\"}]},{\"@type\":\"WebSite\",\"@id\":\"https:\\\/\\\/ellgeo.com\\\/#website\",\"url\":\"https:\\\/\\\/ellgeo.com\\\/\",\"name\":\"EllGeo Re\",\"description\":\"One of the leading Reinsurance Brokers\",\"potentialAction\":[{\"@type\":\"SearchAction\",\"target\":{\"@type\":\"EntryPoint\",\"urlTemplate\":\"https:\\\/\\\/ellgeo.com\\\/?s={search_term_string}\"},\"query-input\":{\"@type\":\"PropertyValueSpecification\",\"valueRequired\":true,\"valueName\":\"search_term_string\"}}],\"inLanguage\":\"fr-FR\"}]}<\/script>\n<!-- \/ Yoast SEO plugin. -->","yoast_head_json":{"title":"EllGeo Re - Claims Handling & Management","description":"The success of our Company also hinges on the efficient handling of reinsurance claims, a facet in which we take great pride.","robots":{"index":"index","follow":"follow","max-snippet":"max-snippet:-1","max-image-preview":"max-image-preview:large","max-video-preview":"max-video-preview:-1"},"canonical":"https:\/\/ellgeo.com\/fr\/claims-handling-management\/","og_locale":"fr_FR","og_type":"article","og_title":"EllGeo Re - Claims Handling & Management","og_description":"The success of our Company also hinges on the efficient handling of reinsurance claims, a facet in which we take great pride.","og_url":"https:\/\/ellgeo.com\/fr\/claims-handling-management\/","og_site_name":"EllGeo Re","article_modified_time":"2023-11-09T11:22:09+00:00","og_image":[{"width":1920,"height":520,"url":"https:\/\/ellgeo.com\/wp-content\/uploads\/2021\/04\/claims_banner.jpg","type":"image\/jpeg"}],"twitter_card":"summary_large_image","twitter_misc":{"Dur\u00e9e de lecture estim\u00e9e":"1 minute"},"schema":{"@context":"https:\/\/schema.org","@graph":[{"@type":"WebPage","@id":"https:\/\/ellgeo.com\/claims-handling-management\/","url":"https:\/\/ellgeo.com\/claims-handling-management\/","name":"EllGeo Re - Claims Handling & Management","isPartOf":{"@id":"https:\/\/ellgeo.com\/#website"},"primaryImageOfPage":{"@id":"https:\/\/ellgeo.com\/claims-handling-management\/#primaryimage"},"image":{"@id":"https:\/\/ellgeo.com\/claims-handling-management\/#primaryimage"},"thumbnailUrl":"https:\/\/ellgeo.com\/wp-content\/uploads\/2021\/04\/claims_banner.jpg","datePublished":"2021-04-12T10:55:27+00:00","dateModified":"2023-11-09T11:22:09+00:00","description":"The success of our Company also hinges on the efficient handling of reinsurance claims, a facet in which we take great pride.","breadcrumb":{"@id":"https:\/\/ellgeo.com\/claims-handling-management\/#breadcrumb"},"inLanguage":"fr-FR","potentialAction":[{"@type":"ReadAction","target":["https:\/\/ellgeo.com\/claims-handling-management\/"]}]},{"@type":"ImageObject","inLanguage":"fr-FR","@id":"https:\/\/ellgeo.com\/claims-handling-management\/#primaryimage","url":"https:\/\/ellgeo.com\/wp-content\/uploads\/2021\/04\/claims_banner.jpg","contentUrl":"https:\/\/ellgeo.com\/wp-content\/uploads\/2021\/04\/claims_banner.jpg","width":1920,"height":520},{"@type":"BreadcrumbList","@id":"https:\/\/ellgeo.com\/claims-handling-management\/#breadcrumb","itemListElement":[{"@type":"ListItem","position":1,"name":"Home","item":"https:\/\/ellgeo.com\/"},{"@type":"ListItem","position":2,"name":"Claims Handling &#038; Management"}]},{"@type":"WebSite","@id":"https:\/\/ellgeo.com\/#website","url":"https:\/\/ellgeo.com\/","name":"EllGeo Re","description":"One of the leading Reinsurance Brokers","potentialAction":[{"@type":"SearchAction","target":{"@type":"EntryPoint","urlTemplate":"https:\/\/ellgeo.com\/?s={search_term_string}"},"query-input":{"@type":"PropertyValueSpecification","valueRequired":true,"valueName":"search_term_string"}}],"inLanguage":"fr-FR"}]}},"jetpack_sharing_enabled":true,"_links":{"self":[{"href":"https:\/\/ellgeo.com\/fr\/wp-json\/wp\/v2\/pages\/2241","targetHints":{"allow":["GET"]}}],"collection":[{"href":"https:\/\/ellgeo.com\/fr\/wp-json\/wp\/v2\/pages"}],"about":[{"href":"https:\/\/ellgeo.com\/fr\/wp-json\/wp\/v2\/types\/page"}],"author":[{"embeddable":true,"href":"https:\/\/ellgeo.com\/fr\/wp-json\/wp\/v2\/users\/1"}],"replies":[{"embeddable":true,"href":"https:\/\/ellgeo.com\/fr\/wp-json\/wp\/v2\/comments?post=2241"}],"version-history":[{"count":3,"href":"https:\/\/ellgeo.com\/fr\/wp-json\/wp\/v2\/pages\/2241\/revisions"}],"predecessor-version":[{"id":2815,"href":"https:\/\/ellgeo.com\/fr\/wp-json\/wp\/v2\/pages\/2241\/revisions\/2815"}],"wp:featuredmedia":[{"embeddable":true,"href":"https:\/\/ellgeo.com\/fr\/wp-json\/wp\/v2\/media\/2242"}],"wp:attachment":[{"href":"https:\/\/ellgeo.com\/fr\/wp-json\/wp\/v2\/media?parent=2241"}],"curies":[{"name":"wp","href":"https:\/\/api.w.org\/{rel}","templated":true}]}}