{"id":2255,"date":"2021-04-12T11:23:17","date_gmt":"2021-04-12T11:23:17","guid":{"rendered":"https:\/\/ellgeo.com\/?page_id=2255"},"modified":"2025-02-06T11:49:01","modified_gmt":"2025-02-06T11:49:01","slug":"our-story","status":"publish","type":"page","link":"https:\/\/ellgeo.com\/fr\/our-story\/","title":{"rendered":"Notre Histoire"},"content":{"rendered":"<div class=\"wpb-content-wrapper\"><div class=\"vc_row wpb_row vc_row-fluid\"><div class=\"wpb_column vc_column_container vc_col-sm-12\"><div class=\"vc_column-inner\"><div class=\"wpb_wrapper\">\n\t<div class=\"wpb_text_column wpb_content_element\" >\n\t\t<div class=\"wpb_wrapper\">\n\t\t\t<p><b>EllGeo Re (Mauritius)<\/b><span style=\"font-weight: 400;\"> Limited est une soci\u00e9t\u00e9 de courtage en r\u00e9assurance agr\u00e9\u00e9e par la <\/span><b>Financial Services Commission<\/b><span style=\"font-weight: 400;\"> de l'\u00eele Maurice. Depuis 2013, EllGeo Re a repris les activit\u00e9s de Willis Re (Mauritius) Ltd, qui couvrait les clients des \u00eeles de l'oc\u00e9an Indien et de l'Afrique sub-saharienne depuis 2006, suite \u00e0 l\u2019acquisition de Reinsurance Consultants and Intermediaries (RCI), qui \u00e9tait \u00e9tablie \u00e0 Maurice depuis 2003. <\/span><span style=\"font-weight: 400;\"><br \/>\n<\/span><span style=\"font-weight: 400;\"><br \/>\n<\/span><span style=\"font-weight: 400;\">Notre nom, ELLGEO ou LGO, comme vous pouvez l'appeler, repr\u00e9sente nos valeurs fondamentales. Gr\u00e2ce \u00e0 une connaissance approfondie des march\u00e9s&nbsp;<\/span><b>L<\/b><span style=\"font-weight: 400;\">ocaux et r\u00e9gionaux et \u00e0 l'expertise&nbsp;<\/span><b>G<\/b><span style=\"font-weight: 400;\">lobale de notre \u00e9quipe, nous fournissons des solutions&nbsp;<\/span><b>O<\/b><span style=\"font-weight: 400;\">ptimales \u00e0 nos clients.<\/span><\/p>\n\n\t\t<\/div>\n\t<\/div>\n<\/div><\/div><\/div><\/div><div id=\"time-wrap\" data-vc-full-width=\"true\" data-vc-full-width-init=\"false\" data-vc-stretch-content=\"true\" class=\"vc_row wpb_row vc_row-fluid vc_row-no-padding\"><div class=\"wpb_column vc_column_container vc_col-sm-12\"><div class=\"vc_column-inner\"><div class=\"wpb_wrapper\">\n\t<div class=\"wpb_text_column wpb_content_element\" id=\"timeline\">\n\t\t<div class=\"wpb_wrapper\">\n\t\t\t<div class=\"timeline-wrap\">\n<div class=\"time box\">\n<div class=\"year\">2003<\/div>\n<div class=\"time-info\">\n<h4>RCI<\/h4>\n<p>Fond\u00e9e en 2003, la soci\u00e9t\u00e9 \u00e9tait \u00e0 l'origine une filiale du plus grand courtier de r\u00e9assurance ind\u00e9pendant sud-africain de l'\u00e9poque, Reinsurance Consultants and Intermediaries (RCI), qui \u00e9tait la branche r\u00e9assurance de Glenrand MIB, un important groupe financier et d'assurance sud-africain.<\/p>\n<\/div>\n<\/div>\n<\/div>\n\n\t\t<\/div>\n\t<\/div>\n\n\t<div class=\"wpb_text_column wpb_content_element\" >\n\t\t<div class=\"wpb_wrapper\">\n\t\t\t<div class=\"timeline-wrap\">\n<div class=\"time box\">\n<div class=\"year\">2006<\/div>\n<div class=\"time-info\">\n<h4>Willis Re<\/h4>\n<p>En 2006, suite \u00e0 l'acquisition de RCI South Africa par Willis Group, RCI Mauritius devient Willis Re (Mauritius) Ltd. La soci\u00e9t\u00e9 poursuit son expansion et \u00e9tend sa client\u00e8le aux \u00eeles de l'oc\u00e9an Indien et \u00e0 l'Afrique australe.<\/p>\n<\/div>\n<\/div>\n<\/div>\n\n\t\t<\/div>\n\t<\/div>\n\n\t<div class=\"wpb_text_column wpb_content_element\" >\n\t\t<div class=\"wpb_wrapper\">\n\t\t\t<div class=\"timeline-wrap\">\n<div class=\"time box\">\n<div class=\"year\">2013<\/div>\n<div class=\"time-info\">\n<h4>EllGeo Re<\/h4>\n<p>En 2013, Willis Re (Mauritius) Ltd a \u00e9t\u00e9 rachet\u00e9e par un consortium d'investisseurs locaux, dont IBL Group, le plus grand conglom\u00e9rat mauricien, actif dans toute l'\u00e9conomie mauricienne et en Afrique, en Europe et en Asie.<\/p>\n<\/div>\n<\/div>\n<\/div>\n\n\t\t<\/div>\n\t<\/div>\n\n\t<div class=\"wpb_text_column wpb_content_element\" >\n\t\t<div class=\"wpb_wrapper\">\n\t\t\t<div class=\"timeline-wrap\">\n<div class=\"time box\">\n<div class=\"year\">2020<\/div>\n<div class=\"time-info\">\n<h4>EllGeo Re<\/h4>\n<div class=\"logo-time ibl\"><img loading=\"lazy\" decoding=\"async\" width=\"160\" height=\"160\" class=\"aligncenter size-full wp-image-2134\" src=\"https:\/\/ellgeo.com\/wp-content\/uploads\/2021\/04\/logo-ibl.png\" alt=\"\" srcset=\"https:\/\/ellgeo.com\/wp-content\/uploads\/2021\/04\/logo-ibl.png 160w, https:\/\/ellgeo.com\/wp-content\/uploads\/2021\/04\/logo-ibl-150x150.png 150w, https:\/\/ellgeo.com\/wp-content\/uploads\/2021\/04\/logo-ibl-120x120.png 120w, https:\/\/ellgeo.com\/wp-content\/uploads\/2021\/04\/logo-ibl-75x75.png 75w, https:\/\/ellgeo.com\/wp-content\/uploads\/2021\/04\/logo-ibl-100x100.png 100w, https:\/\/ellgeo.com\/wp-content\/uploads\/2021\/04\/logo-ibl-64x64.png 64w\" sizes=\"(max-width: 160px) 100vw, 160px\" \/><\/div>\n<p>Depuis d\u00e9cembre 2020, IBL Group est l'unique actionnaire, ayant acquis la totalit\u00e9 des parts des actionnaires individuels du consortium.<\/p>\n<\/div>\n<\/div>\n<\/div>\n\n\t\t<\/div>\n\t<\/div>\n\n\t<div class=\"wpb_text_column wpb_content_element\" >\n\t\t<div class=\"wpb_wrapper\">\n\t\t\t<div class=\"timeline-wrap\">\n<div class=\"time box\">\n<div class=\"year\">2022<\/div>\n<div class=\"time-info\">\n<h4>EllGeo Re<\/h4>\n<div class=\"logo-time ibl\"><img loading=\"lazy\" decoding=\"async\" width=\"116\" height=\"200\" class=\"aligncenter size-full wp-image-2565\" src=\"https:\/\/ellgeo.com\/wp-content\/uploads\/2022\/08\/IPPF-Logo-426-CMYK.jpg\" alt=\"\" srcset=\"https:\/\/ellgeo.com\/wp-content\/uploads\/2022\/08\/IPPF-Logo-426-CMYK.jpg 116w, https:\/\/ellgeo.com\/wp-content\/uploads\/2022\/08\/IPPF-Logo-426-CMYK-7x12.jpg 7w\" sizes=\"(max-width: 116px) 100vw, 116px\" \/><\/div>\n<p>Depuis juillet 2022, EllGeo Re est certifi\u00e9 International Professional Partner Firm (IPPF) par le Chartered Insurance Institute (UK).<\/p>\n<\/div>\n<\/div>\n<\/div>\n\n\t\t<\/div>\n\t<\/div>\n\n\t<div class=\"wpb_text_column wpb_content_element\" >\n\t\t<div class=\"wpb_wrapper\">\n\t\t\t<div class=\"timeline-wrap\">\n<div class=\"time box\">\n<div class=\"year\">2023<\/div>\n<div class=\"time-info\">\n<h4>EllGeo Seagon Re<\/h4>\n<div class=\"logo-time seagon\"><img decoding=\"async\" src=\"https:\/\/ellgeo.com\/wp-content\/uploads\/2023\/11\/ellgeo-seagon-re.jpg\" alt=\"\"><\/div>\n<p>Lancement d'EllGeo Seagon Reinsurance Brokers Limited au Kenya, qui couvre le march\u00e9 de l'Afrique de l'Est.<\/p>\n<\/div>\n<\/div>\n<\/div>\n\n\t\t<\/div>\n\t<\/div>\n<\/div><\/div><\/div><\/div><div class=\"vc_row-full-width vc_clearfix\"><\/div><div id=\"meet-team\" data-vc-full-width=\"true\" data-vc-full-width-init=\"false\" data-vc-stretch-content=\"true\" class=\"vc_row wpb_row vc_row-fluid vc_row-no-padding\"><div class=\"wpb_column vc_column_container vc_col-sm-12\"><div class=\"vc_column-inner\"><div class=\"wpb_wrapper\">\n\t<div class=\"wpb_text_column wpb_content_element vc_custom_1691560982781\" >\n\t\t<div class=\"wpb_wrapper\">\n\t\t\t<div class=\"meet-team-wrap\"><a href=\"\/fr\/meet-the-crew\/\">Rencontrez l'\u00c9quipe<\/a><\/div>\n\n\t\t<\/div>\n\t<\/div>\n<\/div><\/div><\/div><\/div><div class=\"vc_row-full-width vc_clearfix\"><\/div>\n<\/div>","protected":false},"excerpt":{"rendered":"EllGeo Re (Mauritius) Ltd is a Reinsurance Broking Company licensed by the Financial Services Commission in Mauritius. Since 2013, EllGeo Re took over the activities of Willis Re (Mauritius) Ltd, which had been servicing clients in the Indian Ocean Islands and sub-Saharan Africa since 2006, following the acquisition of Reinsurance Consultants and Intermediaries who were... <a class=\"view-article\" href=\"https:\/\/ellgeo.com\/fr\/our-story\/\">Voir l'article<\/a>","protected":false},"author":1,"featured_media":3246,"parent":0,"menu_order":0,"comment_status":"closed","ping_status":"closed","template":"template-demo.php","meta":{"ngg_post_thumbnail":0,"footnotes":""},"class_list":["post-2255","page","type-page","status-publish","has-post-thumbnail","hentry"],"yoast_head":"<!-- This site is optimized with the Yoast SEO plugin v27.3 - https:\/\/yoast.com\/product\/yoast-seo-wordpress\/ -->\n<title>EllGeo Re - Our Story<\/title>\n<meta name=\"description\" content=\"EllGeo Re Ltd is a Reinsurance Broking Company licensed by the Financial Services Commission in Mauritius. Read our story!\" \/>\n<meta name=\"robots\" content=\"index, follow, max-snippet:-1, max-image-preview:large, max-video-preview:-1\" \/>\n<link rel=\"canonical\" href=\"https:\/\/ellgeo.com\/fr\/our-story\/\" \/>\n<meta property=\"og:locale\" content=\"fr_FR\" \/>\n<meta property=\"og:type\" content=\"article\" \/>\n<meta property=\"og:title\" content=\"EllGeo Re - Our Story\" \/>\n<meta property=\"og:description\" content=\"EllGeo Re Ltd is a Reinsurance Broking Company licensed by the Financial Services Commission in Mauritius. Read our story!\" \/>\n<meta property=\"og:url\" content=\"https:\/\/ellgeo.com\/fr\/our-story\/\" \/>\n<meta property=\"og:site_name\" content=\"EllGeo Re\" \/>\n<meta property=\"article:modified_time\" content=\"2025-02-06T11:49:01+00:00\" \/>\n<meta property=\"og:image\" content=\"https:\/\/ellgeo.com\/wp-content\/uploads\/2025\/02\/Website-Header.jpg\" \/>\n\t<meta property=\"og:image:width\" content=\"1280\" \/>\n\t<meta property=\"og:image:height\" content=\"546\" \/>\n\t<meta property=\"og:image:type\" content=\"image\/jpeg\" \/>\n<meta name=\"twitter:card\" content=\"summary_large_image\" \/>\n<meta name=\"twitter:label1\" content=\"Dur\u00e9e de lecture estim\u00e9e\" \/>\n\t<meta name=\"twitter:data1\" content=\"3 minutes\" \/>\n<script type=\"application\/ld+json\" class=\"yoast-schema-graph\">{\"@context\":\"https:\\\/\\\/schema.org\",\"@graph\":[{\"@type\":\"WebPage\",\"@id\":\"https:\\\/\\\/ellgeo.com\\\/our-story\\\/\",\"url\":\"https:\\\/\\\/ellgeo.com\\\/our-story\\\/\",\"name\":\"EllGeo Re - Our Story\",\"isPartOf\":{\"@id\":\"https:\\\/\\\/ellgeo.com\\\/#website\"},\"primaryImageOfPage\":{\"@id\":\"https:\\\/\\\/ellgeo.com\\\/our-story\\\/#primaryimage\"},\"image\":{\"@id\":\"https:\\\/\\\/ellgeo.com\\\/our-story\\\/#primaryimage\"},\"thumbnailUrl\":\"https:\\\/\\\/ellgeo.com\\\/wp-content\\\/uploads\\\/2025\\\/02\\\/Website-Header.jpg\",\"datePublished\":\"2021-04-12T11:23:17+00:00\",\"dateModified\":\"2025-02-06T11:49:01+00:00\",\"description\":\"EllGeo Re Ltd is a Reinsurance Broking Company licensed by the Financial Services Commission in Mauritius. Read our story!\",\"breadcrumb\":{\"@id\":\"https:\\\/\\\/ellgeo.com\\\/our-story\\\/#breadcrumb\"},\"inLanguage\":\"fr-FR\",\"potentialAction\":[{\"@type\":\"ReadAction\",\"target\":[\"https:\\\/\\\/ellgeo.com\\\/our-story\\\/\"]}]},{\"@type\":\"ImageObject\",\"inLanguage\":\"fr-FR\",\"@id\":\"https:\\\/\\\/ellgeo.com\\\/our-story\\\/#primaryimage\",\"url\":\"https:\\\/\\\/ellgeo.com\\\/wp-content\\\/uploads\\\/2025\\\/02\\\/Website-Header.jpg\",\"contentUrl\":\"https:\\\/\\\/ellgeo.com\\\/wp-content\\\/uploads\\\/2025\\\/02\\\/Website-Header.jpg\",\"width\":1280,\"height\":546},{\"@type\":\"BreadcrumbList\",\"@id\":\"https:\\\/\\\/ellgeo.com\\\/our-story\\\/#breadcrumb\",\"itemListElement\":[{\"@type\":\"ListItem\",\"position\":1,\"name\":\"Home\",\"item\":\"https:\\\/\\\/ellgeo.com\\\/\"},{\"@type\":\"ListItem\",\"position\":2,\"name\":\"Our Story\"}]},{\"@type\":\"WebSite\",\"@id\":\"https:\\\/\\\/ellgeo.com\\\/#website\",\"url\":\"https:\\\/\\\/ellgeo.com\\\/\",\"name\":\"EllGeo Re\",\"description\":\"One of the leading Reinsurance Brokers\",\"potentialAction\":[{\"@type\":\"SearchAction\",\"target\":{\"@type\":\"EntryPoint\",\"urlTemplate\":\"https:\\\/\\\/ellgeo.com\\\/?s={search_term_string}\"},\"query-input\":{\"@type\":\"PropertyValueSpecification\",\"valueRequired\":true,\"valueName\":\"search_term_string\"}}],\"inLanguage\":\"fr-FR\"}]}<\/script>\n<!-- \/ Yoast SEO plugin. -->","yoast_head_json":{"title":"EllGeo Re - Our Story","description":"EllGeo Re Ltd is a Reinsurance Broking Company licensed by the Financial Services Commission in Mauritius. Read our story!","robots":{"index":"index","follow":"follow","max-snippet":"max-snippet:-1","max-image-preview":"max-image-preview:large","max-video-preview":"max-video-preview:-1"},"canonical":"https:\/\/ellgeo.com\/fr\/our-story\/","og_locale":"fr_FR","og_type":"article","og_title":"EllGeo Re - Our Story","og_description":"EllGeo Re Ltd is a Reinsurance Broking Company licensed by the Financial Services Commission in Mauritius. Read our story!","og_url":"https:\/\/ellgeo.com\/fr\/our-story\/","og_site_name":"EllGeo Re","article_modified_time":"2025-02-06T11:49:01+00:00","og_image":[{"width":1280,"height":546,"url":"https:\/\/ellgeo.com\/wp-content\/uploads\/2025\/02\/Website-Header.jpg","type":"image\/jpeg"}],"twitter_card":"summary_large_image","twitter_misc":{"Dur\u00e9e de lecture estim\u00e9e":"3 minutes"},"schema":{"@context":"https:\/\/schema.org","@graph":[{"@type":"WebPage","@id":"https:\/\/ellgeo.com\/our-story\/","url":"https:\/\/ellgeo.com\/our-story\/","name":"EllGeo Re - Our Story","isPartOf":{"@id":"https:\/\/ellgeo.com\/#website"},"primaryImageOfPage":{"@id":"https:\/\/ellgeo.com\/our-story\/#primaryimage"},"image":{"@id":"https:\/\/ellgeo.com\/our-story\/#primaryimage"},"thumbnailUrl":"https:\/\/ellgeo.com\/wp-content\/uploads\/2025\/02\/Website-Header.jpg","datePublished":"2021-04-12T11:23:17+00:00","dateModified":"2025-02-06T11:49:01+00:00","description":"EllGeo Re Ltd is a Reinsurance Broking Company licensed by the Financial Services Commission in Mauritius. Read our story!","breadcrumb":{"@id":"https:\/\/ellgeo.com\/our-story\/#breadcrumb"},"inLanguage":"fr-FR","potentialAction":[{"@type":"ReadAction","target":["https:\/\/ellgeo.com\/our-story\/"]}]},{"@type":"ImageObject","inLanguage":"fr-FR","@id":"https:\/\/ellgeo.com\/our-story\/#primaryimage","url":"https:\/\/ellgeo.com\/wp-content\/uploads\/2025\/02\/Website-Header.jpg","contentUrl":"https:\/\/ellgeo.com\/wp-content\/uploads\/2025\/02\/Website-Header.jpg","width":1280,"height":546},{"@type":"BreadcrumbList","@id":"https:\/\/ellgeo.com\/our-story\/#breadcrumb","itemListElement":[{"@type":"ListItem","position":1,"name":"Home","item":"https:\/\/ellgeo.com\/"},{"@type":"ListItem","position":2,"name":"Our Story"}]},{"@type":"WebSite","@id":"https:\/\/ellgeo.com\/#website","url":"https:\/\/ellgeo.com\/","name":"EllGeo Re","description":"One of the leading Reinsurance Brokers","potentialAction":[{"@type":"SearchAction","target":{"@type":"EntryPoint","urlTemplate":"https:\/\/ellgeo.com\/?s={search_term_string}"},"query-input":{"@type":"PropertyValueSpecification","valueRequired":true,"valueName":"search_term_string"}}],"inLanguage":"fr-FR"}]}},"jetpack_sharing_enabled":true,"_links":{"self":[{"href":"https:\/\/ellgeo.com\/fr\/wp-json\/wp\/v2\/pages\/2255","targetHints":{"allow":["GET"]}}],"collection":[{"href":"https:\/\/ellgeo.com\/fr\/wp-json\/wp\/v2\/pages"}],"about":[{"href":"https:\/\/ellgeo.com\/fr\/wp-json\/wp\/v2\/types\/page"}],"author":[{"embeddable":true,"href":"https:\/\/ellgeo.com\/fr\/wp-json\/wp\/v2\/users\/1"}],"replies":[{"embeddable":true,"href":"https:\/\/ellgeo.com\/fr\/wp-json\/wp\/v2\/comments?post=2255"}],"version-history":[{"count":38,"href":"https:\/\/ellgeo.com\/fr\/wp-json\/wp\/v2\/pages\/2255\/revisions"}],"predecessor-version":[{"id":3247,"href":"https:\/\/ellgeo.com\/fr\/wp-json\/wp\/v2\/pages\/2255\/revisions\/3247"}],"wp:featuredmedia":[{"embeddable":true,"href":"https:\/\/ellgeo.com\/fr\/wp-json\/wp\/v2\/media\/3246"}],"wp:attachment":[{"href":"https:\/\/ellgeo.com\/fr\/wp-json\/wp\/v2\/media?parent=2255"}],"curies":[{"name":"wp","href":"https:\/\/api.w.org\/{rel}","templated":true}]}}