{"id":2325,"date":"2021-04-25T08:34:39","date_gmt":"2021-04-25T08:34:39","guid":{"rendered":"https:\/\/ellgeo.com\/?page_id=2325"},"modified":"2024-06-04T09:39:12","modified_gmt":"2024-06-04T09:39:12","slug":"services","status":"publish","type":"page","link":"https:\/\/ellgeo.com\/fr\/services\/","title":{"rendered":"Services"},"content":{"rendered":"<div class=\"wpb-content-wrapper\"><div id=\"service-heading\" data-vc-full-width=\"true\" data-vc-full-width-init=\"false\" class=\"vc_row wpb_row vc_row-fluid vc_custom_1619624969543 vc_row-has-fill\"><div class=\"wpb_column vc_column_container vc_col-sm-12\"><div class=\"vc_column-inner\"><div class=\"wpb_wrapper\">\n\t<div class=\"wpb_text_column wpb_content_element\" >\n\t\t<div class=\"wpb_wrapper\">\n\t\t\t<h1 style=\"text-align: center;\">NOUS COUVRONS LES BRANCHES DE L\u2019ASSURANCE NON-VIE<\/h1>\n<p style=\"text-align: center;\">Property, Engineering, Casualty, Marine, Aviation, Accident, Financial Lines, Specialty Lines (including but not limited to Cyber, Livestock, Events Cancellation, Hole-in-One), Political Risks, Credit, Contingency, Performance Bonds for Construction Projects, Inherent Defects Insurance and any other emerging exposures.<\/p>\n\n\t\t<\/div>\n\t<\/div>\n<\/div><\/div><\/div><\/div><div class=\"vc_row-full-width vc_clearfix\"><\/div><div class=\"vc_row wpb_row vc_row-fluid wpb_animate_when_almost_visible wpb_bounceIn bounceIn vc_row-o-content-middle vc_row-flex\"><div class=\"wpb_column vc_column_container vc_col-sm-12\"><div class=\"vc_column-inner\"><div class=\"wpb_wrapper\">\n\t<div class=\"wpb_text_column wpb_content_element\" id=\"treaty\">\n\t\t<div class=\"wpb_wrapper\">\n\t\t\t<div class=\"service-box-wrap\">\n<div class=\"service-box left\"><img loading=\"lazy\" decoding=\"async\" class=\"aligncenter wp-image-2533 size-full\" src=\"https:\/\/ellgeo.com\/wp-content\/uploads\/2022\/04\/Untitled-design-43.jpg\" alt=\"\" width=\"1200\" height=\"801\" srcset=\"https:\/\/ellgeo.com\/wp-content\/uploads\/2022\/04\/Untitled-design-43.jpg 1200w, https:\/\/ellgeo.com\/wp-content\/uploads\/2022\/04\/Untitled-design-43-250x167.jpg 250w, https:\/\/ellgeo.com\/wp-content\/uploads\/2022\/04\/Untitled-design-43-700x467.jpg 700w, https:\/\/ellgeo.com\/wp-content\/uploads\/2022\/04\/Untitled-design-43-768x513.jpg 768w, https:\/\/ellgeo.com\/wp-content\/uploads\/2022\/04\/Untitled-design-43-18x12.jpg 18w, https:\/\/ellgeo.com\/wp-content\/uploads\/2022\/04\/Untitled-design-43-120x80.jpg 120w, https:\/\/ellgeo.com\/wp-content\/uploads\/2022\/04\/Untitled-design-43-300x200.jpg 300w, https:\/\/ellgeo.com\/wp-content\/uploads\/2022\/04\/Untitled-design-43-600x401.jpg 600w\" sizes=\"(max-width: 1200px) 100vw, 1200px\" \/><\/div>\n<div class=\"service-box right\">\n<h1>R\u00e9assurance par Trait\u00e9<\/h1>\n<p><strong>Des capacit\u00e9s de premier ordre pour des solutions optimales<\/strong><\/p>\n<p>EllGeo Re dispose d'une expertise av\u00e9r\u00e9e en mati\u00e8re de r\u00e9assurance par trait\u00e9 - que ce soit pour des start-ups ou pour des comptes de plus grande taille. Nous prenons en charge l'ensemble du processus, de A \u00e0 Z, ce qui comprend une analyse approfondie des besoins de nos clients, des conseils techniques sur la structure appropri\u00e9e, pr\u00e9paration de la documentation contractuelle, la gestion des acceptations sp\u00e9ciales, ainsi que les r\u00e9clamations de trait\u00e9s et les rapports financiers.<\/p>\n<p>Outre les structures traditionnelles de r\u00e9assurance proportionnelle et non proportionnelle, nous nous effor\u00e7ons de d\u00e9velopper des solutions non traditionnelles flexibles, dans le but ultime de vous fournir une structure cr\u00e9ative et unique, con\u00e7ue et tarif\u00e9e de mani\u00e8re \u00e0 r\u00e9pondre au mieux \u00e0 vos objectifs et \u00e0 vos exigences de souscription.<\/p>\n<\/div>\n<\/div>\n\n\t\t<\/div>\n\t<\/div>\n\n\t<div class=\"wpb_text_column wpb_content_element\" id=\"facultative\">\n\t\t<div class=\"wpb_wrapper\">\n\t\t\t<div class=\"service-box-wrap reverse\">\n<div class=\"service-box left\"><img loading=\"lazy\" decoding=\"async\" class=\"aligncenter wp-image-2399 size-full\" src=\"https:\/\/ellgeo.com\/wp-content\/uploads\/2021\/06\/Untitled-design-11-e1623442813290.jpg\" alt=\"\" width=\"1200\" height=\"801\" \/><\/div>\n<div class=\"service-box right\">\n<h1>R\u00e9assurance Facultative<\/h1>\n<p><strong>Des solutions sur mesure pour un large panel d\u2019activit\u00e9s<\/strong><\/p>\n<p>Les solutions de r\u00e9assurance facultative, ou FAC, constituent une partie essentielle de notre gamme de services. Nous disposons d'un personnel hautement qualifi\u00e9 et exp\u00e9riment\u00e9 dans tous les secteurs d'activit\u00e9. Nous mettons l'accent sur le d\u00e9veloppement de solutions sur mesure dans le but de r\u00e9pondre aux besoins sp\u00e9cifiques de nos clients. Notre int\u00e9grit\u00e9 professionnelle, notre approche centr\u00e9e sur le client et nos ressources nous permettent d'offrir un niveau de service in\u00e9gal\u00e9 qui place les besoins de nos clients au premier plan.<\/p>\n<\/div>\n<\/div>\n\n\t\t<\/div>\n\t<\/div>\n<\/div><\/div><\/div><\/div><div class=\"vc_row wpb_row vc_row-fluid wpb_animate_when_almost_visible wpb_bounceIn bounceIn vc_row-o-content-middle vc_row-flex\"><div class=\"wpb_column vc_column_container vc_col-sm-12\"><div class=\"vc_column-inner\"><div class=\"wpb_wrapper\">\n\t<div class=\"wpb_text_column wpb_content_element\" id=\"solutions\">\n\t\t<div class=\"wpb_wrapper\">\n\t\t\t<div class=\"service-box-wrap\">\n<div class=\"service-box left\"><img loading=\"lazy\" decoding=\"async\" width=\"1200\" height=\"801\" class=\"alignnone size-full wp-image-2881\" src=\"https:\/\/ellgeo.com\/wp-content\/uploads\/2024\/02\/3.jpg\" alt=\"\" srcset=\"https:\/\/ellgeo.com\/wp-content\/uploads\/2024\/02\/3.jpg 1200w, https:\/\/ellgeo.com\/wp-content\/uploads\/2024\/02\/3-250x167.jpg 250w, https:\/\/ellgeo.com\/wp-content\/uploads\/2024\/02\/3-700x467.jpg 700w, https:\/\/ellgeo.com\/wp-content\/uploads\/2024\/02\/3-768x513.jpg 768w, https:\/\/ellgeo.com\/wp-content\/uploads\/2024\/02\/3-18x12.jpg 18w, https:\/\/ellgeo.com\/wp-content\/uploads\/2024\/02\/3-120x80.jpg 120w, https:\/\/ellgeo.com\/wp-content\/uploads\/2024\/02\/3-300x200.jpg 300w, https:\/\/ellgeo.com\/wp-content\/uploads\/2024\/02\/3-600x401.jpg 600w\" sizes=\"(max-width: 1200px) 100vw, 1200px\" \/><\/div>\n<div class=\"service-box right\">\n<h1>Solutions &amp; Analytics<\/h1>\n<p>L'objectif principal de l'\u00e9quipe Solutions &amp; Analytics est de d\u00e9velopper et de fournir des solutions innovantes \u00e0 nos partenaires. Ces solutions englobent l'analyse, les produits de r\u00e9assurance, les structures de r\u00e9assurance, toutes con\u00e7ues pour am\u00e9liorer la qualit\u00e9 des services \u00e0 valeur ajout\u00e9e fournis \u00e0 nos partenaires.<\/p>\n<p>Que faisons-nous ?<\/p>\n<ul>\n<li>Nous \u00e9valuons en permanence les besoins des partenaires en mati\u00e8re de r\u00e9assurance afin de les orienter vers les programmes de r\u00e9assurance les plus optimaux<\/li>\n<li>Nous innovons dans le d\u00e9veloppement et la prestation de solutions sp\u00e9cialis\u00e9es et innovantes pour relever des d\u00e9fis complexes<\/li>\n<li>Nous effectuons des \u00e9valuations de risques personnalis\u00e9es pour nos clients, en adaptant les analyses \u00e0 leurs profils de risques sp\u00e9cifiques et \u00e0 leurs objectifs commerciaux<\/li>\n<li>En nous adaptant continuellement \u00e0 l'\u00e9volution de la dynamique du march\u00e9, nous apportons de la valeur \u00e0 nos clients en restant \u00e0 l'aff\u00fbt des derni\u00e8res \u00e9volutions du march\u00e9 et des risques \u00e9mergents<\/li>\n<\/ul>\n<\/div>\n<\/div>\n\n\t\t<\/div>\n\t<\/div>\n\n\t<div class=\"wpb_text_column wpb_content_element\" id=\"claims\">\n\t\t<div class=\"wpb_wrapper\">\n\t\t\t<div class=\"service-box-wrap reverse\">\n<div class=\"service-box left\"><img loading=\"lazy\" decoding=\"async\" class=\"alignnone wp-image-2880 size-full\" src=\"https:\/\/ellgeo.com\/wp-content\/uploads\/2024\/02\/2.jpg\" alt=\"\" width=\"1200\" height=\"801\" srcset=\"https:\/\/ellgeo.com\/wp-content\/uploads\/2024\/02\/2.jpg 1200w, https:\/\/ellgeo.com\/wp-content\/uploads\/2024\/02\/2-250x167.jpg 250w, https:\/\/ellgeo.com\/wp-content\/uploads\/2024\/02\/2-700x467.jpg 700w, https:\/\/ellgeo.com\/wp-content\/uploads\/2024\/02\/2-768x513.jpg 768w, https:\/\/ellgeo.com\/wp-content\/uploads\/2024\/02\/2-18x12.jpg 18w, https:\/\/ellgeo.com\/wp-content\/uploads\/2024\/02\/2-120x80.jpg 120w, https:\/\/ellgeo.com\/wp-content\/uploads\/2024\/02\/2-300x200.jpg 300w, https:\/\/ellgeo.com\/wp-content\/uploads\/2024\/02\/2-600x401.jpg 600w\" sizes=\"(max-width: 1200px) 100vw, 1200px\" \/><\/div>\n<div class=\"service-box right\">\n<h1>Gestion des Sinistres<\/h1>\n<p><strong>Nous vous facilitons les choses<\/strong><\/p>\n<p>La r\u00e9ussite de notre entreprise repose \u00e9galement sur une gestion efficace des sinistres, un aspect dont nous sommes tr\u00e8s fiers. Nous nous assurons que le processus de gestion des sinistres soit men\u00e9 de mani\u00e8re efficace, de la notification jusqu'au recouvrement, tout en apportant notre expertise technique. Notre engagement est de positionner la gestion des sinistres comme un \u00e9l\u00e9ment-cl\u00e9 dans toute la gamme de services que propose EllGeo Re.<\/p>\n<\/div>\n<\/div>\n\n\t\t<\/div>\n\t<\/div>\n<\/div><\/div><\/div><\/div><div class=\"vc_row wpb_row vc_row-fluid wpb_animate_when_almost_visible wpb_bounceIn bounceIn vc_row-o-content-middle vc_row-flex\"><div class=\"wpb_column vc_column_container vc_col-sm-12\"><div class=\"vc_column-inner\"><div class=\"wpb_wrapper\">\n\t<div class=\"wpb_text_column wpb_content_element\" id=\"risk\">\n\t\t<div class=\"wpb_wrapper\">\n\t\t\t<div class=\"service-box-wrap\">\n<div class=\"service-box left\"><img loading=\"lazy\" decoding=\"async\" class=\"alignnone wp-image-2952 size-full\" src=\"https:\/\/ellgeo.com\/wp-content\/uploads\/2024\/06\/Untitled-design.jpg\" alt=\"\" width=\"1200\" height=\"801\" srcset=\"https:\/\/ellgeo.com\/wp-content\/uploads\/2024\/06\/Untitled-design.jpg 1200w, https:\/\/ellgeo.com\/wp-content\/uploads\/2024\/06\/Untitled-design-250x167.jpg 250w, https:\/\/ellgeo.com\/wp-content\/uploads\/2024\/06\/Untitled-design-700x467.jpg 700w, https:\/\/ellgeo.com\/wp-content\/uploads\/2024\/06\/Untitled-design-768x513.jpg 768w, https:\/\/ellgeo.com\/wp-content\/uploads\/2024\/06\/Untitled-design-18x12.jpg 18w, https:\/\/ellgeo.com\/wp-content\/uploads\/2024\/06\/Untitled-design-120x80.jpg 120w, https:\/\/ellgeo.com\/wp-content\/uploads\/2024\/06\/Untitled-design-300x200.jpg 300w, https:\/\/ellgeo.com\/wp-content\/uploads\/2024\/06\/Untitled-design-600x401.jpg 600w\" sizes=\"(max-width: 1200px) 100vw, 1200px\" \/><\/div>\n<div class=\"service-box right\">\n<h1>Conseil en Gestion des Risques<\/h1>\n<p><strong>Opportunit\u00e9s et Risques vont de pair<\/strong><\/p>\n<p>Nous offrons des services de conseil en gestion des risques \u00e0 travers des partenariats avec des professionnels de haut niveau dans ce domaine. Notre approche structur\u00e9e de la mise en \u0153uvre et de l'am\u00e9lioration de la gestion des risques permet \u00e0 nos clients de b\u00e9n\u00e9ficier de l'exp\u00e9rience de nombreuses mises en \u0153uvre r\u00e9ussies. Cette approche reconnue apporte les meilleures pratiques et l'exp\u00e9rience du monde r\u00e9el. Elle permet de r\u00e9duire le temps n\u00e9cessaire \u00e0 la r\u00e9alisation de la valeur ajout\u00e9e et d'augmenter le rendement \u00e0 long terme de votre investissement.<\/p>\n<\/div>\n<\/div>\n\n\t\t<\/div>\n\t<\/div>\n\n\t<div class=\"wpb_text_column wpb_content_element\" id=\"technical\">\n\t\t<div class=\"wpb_wrapper\">\n\t\t\t<div class=\"service-box-wrap\">\n<div class=\"service-box left\"><img loading=\"lazy\" decoding=\"async\" class=\"aligncenter wp-image-2398 size-full\" src=\"https:\/\/ellgeo.com\/wp-content\/uploads\/2021\/06\/Untitled-design-9.jpg\" alt=\"\" width=\"1200\" height=\"801\" srcset=\"https:\/\/ellgeo.com\/wp-content\/uploads\/2021\/06\/Untitled-design-9.jpg 1200w, https:\/\/ellgeo.com\/wp-content\/uploads\/2021\/06\/Untitled-design-9-250x167.jpg 250w, https:\/\/ellgeo.com\/wp-content\/uploads\/2021\/06\/Untitled-design-9-700x467.jpg 700w, https:\/\/ellgeo.com\/wp-content\/uploads\/2021\/06\/Untitled-design-9-768x513.jpg 768w, https:\/\/ellgeo.com\/wp-content\/uploads\/2021\/06\/Untitled-design-9-120x80.jpg 120w, https:\/\/ellgeo.com\/wp-content\/uploads\/2021\/06\/Untitled-design-9-300x200.jpg 300w, https:\/\/ellgeo.com\/wp-content\/uploads\/2021\/06\/Untitled-design-9-600x401.jpg 600w\" sizes=\"(max-width: 1200px) 100vw, 1200px\" \/><\/div>\n<div class=\"service-box right\">\n<h1>Comptabilit\u00e9 Technique<\/h1>\n<p><strong>Pas de compromis sur la pr\u00e9cision<\/strong><\/p>\n<p>La comptabilit\u00e9 de la r\u00e9assurance est un sujet hautement sp\u00e9cialis\u00e9. En tant que service suppl\u00e9mentaire, nous soutenons nos clients en leur fournissant une formation sur la comptabilit\u00e9 technique de la r\u00e9assurance, couvrant toutes les questions et principes g\u00e9n\u00e9raux. Notre objectif est de faire en sorte que les clients re\u00e7oivent un rapport de meilleure qualit\u00e9 et en temps voulu sur les comptes techniques. En outre, nos professionnels experts fournissent des services de conseil \u00e0 nos clients pour les aider \u00e0 mieux saisir et ma\u00eetriser ses subtilit\u00e9s.<\/p>\n<\/div>\n<\/div>\n\n\t\t<\/div>\n\t<\/div>\n<\/div><\/div><\/div><\/div>\n<\/div>","protected":false},"excerpt":{"rendered":"We cover non-life classes of business. Property, Engineering, Casualty, Marine, Aviation, Accident, Financial Lines, Specialty Lines (including but not limited to Cyber, Livestock, Events Cancellation, Hole-in-One), Political Risks, Credit, Contingency, Performance Bonds for Construction Projects, Inherent Defects Insurance and any other emerging exposures. Treaty Reinsurance Top-notch capabilities for optimal solutions EllGeo Re has proven expertise... <a class=\"view-article\" href=\"https:\/\/ellgeo.com\/fr\/services\/\">Voir l'article<\/a>","protected":false},"author":1,"featured_media":2402,"parent":0,"menu_order":0,"comment_status":"closed","ping_status":"closed","template":"","meta":{"ngg_post_thumbnail":0,"footnotes":""},"class_list":["post-2325","page","type-page","status-publish","has-post-thumbnail","hentry"],"yoast_head":"<!-- This site is optimized with the Yoast SEO plugin v27.4 - https:\/\/yoast.com\/product\/yoast-seo-wordpress\/ -->\n<title>EllGeo Re | Our Services<\/title>\n<meta name=\"description\" content=\"Our range of services includes treaty reinsurance, facultative reinsurance as well as consulting and advisory services in insurance and reinsurance.\" \/>\n<meta name=\"robots\" content=\"index, follow, max-snippet:-1, max-image-preview:large, max-video-preview:-1\" \/>\n<link rel=\"canonical\" href=\"https:\/\/ellgeo.com\/fr\/services\/\" \/>\n<meta property=\"og:locale\" content=\"fr_FR\" \/>\n<meta property=\"og:type\" content=\"article\" \/>\n<meta property=\"og:title\" content=\"EllGeo Re | Our Services\" \/>\n<meta property=\"og:description\" content=\"Our range of services includes treaty reinsurance, facultative reinsurance as well as consulting and advisory services in insurance and reinsurance.\" \/>\n<meta property=\"og:url\" content=\"https:\/\/ellgeo.com\/fr\/services\/\" \/>\n<meta property=\"og:site_name\" content=\"EllGeo Re\" \/>\n<meta property=\"article:modified_time\" content=\"2024-06-04T09:39:12+00:00\" \/>\n<meta property=\"og:image\" content=\"https:\/\/ellgeo.com\/wp-content\/uploads\/2021\/06\/Untitled-design-6-1.jpg\" \/>\n\t<meta property=\"og:image:width\" content=\"1920\" \/>\n\t<meta property=\"og:image:height\" content=\"520\" \/>\n\t<meta property=\"og:image:type\" content=\"image\/jpeg\" \/>\n<meta name=\"twitter:card\" content=\"summary_large_image\" \/>\n<meta name=\"twitter:label1\" content=\"Dur\u00e9e de lecture estim\u00e9e\" \/>\n\t<meta name=\"twitter:data1\" content=\"4 minutes\" \/>\n<script type=\"application\/ld+json\" class=\"yoast-schema-graph\">{\"@context\":\"https:\\\/\\\/schema.org\",\"@graph\":[{\"@type\":\"WebPage\",\"@id\":\"https:\\\/\\\/ellgeo.com\\\/services\\\/\",\"url\":\"https:\\\/\\\/ellgeo.com\\\/services\\\/\",\"name\":\"EllGeo Re | Our Services\",\"isPartOf\":{\"@id\":\"https:\\\/\\\/ellgeo.com\\\/#website\"},\"primaryImageOfPage\":{\"@id\":\"https:\\\/\\\/ellgeo.com\\\/services\\\/#primaryimage\"},\"image\":{\"@id\":\"https:\\\/\\\/ellgeo.com\\\/services\\\/#primaryimage\"},\"thumbnailUrl\":\"https:\\\/\\\/ellgeo.com\\\/wp-content\\\/uploads\\\/2021\\\/06\\\/Untitled-design-6-1.jpg\",\"datePublished\":\"2021-04-25T08:34:39+00:00\",\"dateModified\":\"2024-06-04T09:39:12+00:00\",\"description\":\"Our range of services includes treaty reinsurance, facultative reinsurance as well as consulting and advisory services in insurance and reinsurance.\",\"breadcrumb\":{\"@id\":\"https:\\\/\\\/ellgeo.com\\\/services\\\/#breadcrumb\"},\"inLanguage\":\"fr-FR\",\"potentialAction\":[{\"@type\":\"ReadAction\",\"target\":[\"https:\\\/\\\/ellgeo.com\\\/services\\\/\"]}]},{\"@type\":\"ImageObject\",\"inLanguage\":\"fr-FR\",\"@id\":\"https:\\\/\\\/ellgeo.com\\\/services\\\/#primaryimage\",\"url\":\"https:\\\/\\\/ellgeo.com\\\/wp-content\\\/uploads\\\/2021\\\/06\\\/Untitled-design-6-1.jpg\",\"contentUrl\":\"https:\\\/\\\/ellgeo.com\\\/wp-content\\\/uploads\\\/2021\\\/06\\\/Untitled-design-6-1.jpg\",\"width\":1920,\"height\":520},{\"@type\":\"BreadcrumbList\",\"@id\":\"https:\\\/\\\/ellgeo.com\\\/services\\\/#breadcrumb\",\"itemListElement\":[{\"@type\":\"ListItem\",\"position\":1,\"name\":\"Home\",\"item\":\"https:\\\/\\\/ellgeo.com\\\/\"},{\"@type\":\"ListItem\",\"position\":2,\"name\":\"Services\"}]},{\"@type\":\"WebSite\",\"@id\":\"https:\\\/\\\/ellgeo.com\\\/#website\",\"url\":\"https:\\\/\\\/ellgeo.com\\\/\",\"name\":\"EllGeo Re\",\"description\":\"One of the leading Reinsurance Brokers\",\"potentialAction\":[{\"@type\":\"SearchAction\",\"target\":{\"@type\":\"EntryPoint\",\"urlTemplate\":\"https:\\\/\\\/ellgeo.com\\\/?s={search_term_string}\"},\"query-input\":{\"@type\":\"PropertyValueSpecification\",\"valueRequired\":true,\"valueName\":\"search_term_string\"}}],\"inLanguage\":\"fr-FR\"}]}<\/script>\n<!-- \/ Yoast SEO plugin. -->","yoast_head_json":{"title":"EllGeo Re | Our Services","description":"Our range of services includes treaty reinsurance, facultative reinsurance as well as consulting and advisory services in insurance and reinsurance.","robots":{"index":"index","follow":"follow","max-snippet":"max-snippet:-1","max-image-preview":"max-image-preview:large","max-video-preview":"max-video-preview:-1"},"canonical":"https:\/\/ellgeo.com\/fr\/services\/","og_locale":"fr_FR","og_type":"article","og_title":"EllGeo Re | Our Services","og_description":"Our range of services includes treaty reinsurance, facultative reinsurance as well as consulting and advisory services in insurance and reinsurance.","og_url":"https:\/\/ellgeo.com\/fr\/services\/","og_site_name":"EllGeo Re","article_modified_time":"2024-06-04T09:39:12+00:00","og_image":[{"width":1920,"height":520,"url":"https:\/\/ellgeo.com\/wp-content\/uploads\/2021\/06\/Untitled-design-6-1.jpg","type":"image\/jpeg"}],"twitter_card":"summary_large_image","twitter_misc":{"Dur\u00e9e de lecture estim\u00e9e":"4 minutes"},"schema":{"@context":"https:\/\/schema.org","@graph":[{"@type":"WebPage","@id":"https:\/\/ellgeo.com\/services\/","url":"https:\/\/ellgeo.com\/services\/","name":"EllGeo Re | Our Services","isPartOf":{"@id":"https:\/\/ellgeo.com\/#website"},"primaryImageOfPage":{"@id":"https:\/\/ellgeo.com\/services\/#primaryimage"},"image":{"@id":"https:\/\/ellgeo.com\/services\/#primaryimage"},"thumbnailUrl":"https:\/\/ellgeo.com\/wp-content\/uploads\/2021\/06\/Untitled-design-6-1.jpg","datePublished":"2021-04-25T08:34:39+00:00","dateModified":"2024-06-04T09:39:12+00:00","description":"Our range of services includes treaty reinsurance, facultative reinsurance as well as consulting and advisory services in insurance and reinsurance.","breadcrumb":{"@id":"https:\/\/ellgeo.com\/services\/#breadcrumb"},"inLanguage":"fr-FR","potentialAction":[{"@type":"ReadAction","target":["https:\/\/ellgeo.com\/services\/"]}]},{"@type":"ImageObject","inLanguage":"fr-FR","@id":"https:\/\/ellgeo.com\/services\/#primaryimage","url":"https:\/\/ellgeo.com\/wp-content\/uploads\/2021\/06\/Untitled-design-6-1.jpg","contentUrl":"https:\/\/ellgeo.com\/wp-content\/uploads\/2021\/06\/Untitled-design-6-1.jpg","width":1920,"height":520},{"@type":"BreadcrumbList","@id":"https:\/\/ellgeo.com\/services\/#breadcrumb","itemListElement":[{"@type":"ListItem","position":1,"name":"Home","item":"https:\/\/ellgeo.com\/"},{"@type":"ListItem","position":2,"name":"Services"}]},{"@type":"WebSite","@id":"https:\/\/ellgeo.com\/#website","url":"https:\/\/ellgeo.com\/","name":"EllGeo Re","description":"One of the leading Reinsurance Brokers","potentialAction":[{"@type":"SearchAction","target":{"@type":"EntryPoint","urlTemplate":"https:\/\/ellgeo.com\/?s={search_term_string}"},"query-input":{"@type":"PropertyValueSpecification","valueRequired":true,"valueName":"search_term_string"}}],"inLanguage":"fr-FR"}]}},"jetpack_sharing_enabled":true,"_links":{"self":[{"href":"https:\/\/ellgeo.com\/fr\/wp-json\/wp\/v2\/pages\/2325","targetHints":{"allow":["GET"]}}],"collection":[{"href":"https:\/\/ellgeo.com\/fr\/wp-json\/wp\/v2\/pages"}],"about":[{"href":"https:\/\/ellgeo.com\/fr\/wp-json\/wp\/v2\/types\/page"}],"author":[{"embeddable":true,"href":"https:\/\/ellgeo.com\/fr\/wp-json\/wp\/v2\/users\/1"}],"replies":[{"embeddable":true,"href":"https:\/\/ellgeo.com\/fr\/wp-json\/wp\/v2\/comments?post=2325"}],"version-history":[{"count":53,"href":"https:\/\/ellgeo.com\/fr\/wp-json\/wp\/v2\/pages\/2325\/revisions"}],"predecessor-version":[{"id":2955,"href":"https:\/\/ellgeo.com\/fr\/wp-json\/wp\/v2\/pages\/2325\/revisions\/2955"}],"wp:featuredmedia":[{"embeddable":true,"href":"https:\/\/ellgeo.com\/fr\/wp-json\/wp\/v2\/media\/2402"}],"wp:attachment":[{"href":"https:\/\/ellgeo.com\/fr\/wp-json\/wp\/v2\/media?parent=2325"}],"curies":[{"name":"wp","href":"https:\/\/api.w.org\/{rel}","templated":true}]}}