{"id":2730,"date":"2023-10-31T12:14:49","date_gmt":"2023-10-31T12:14:49","guid":{"rendered":"https:\/\/ellgeo.com\/?page_id=2730"},"modified":"2025-02-06T11:51:02","modified_gmt":"2025-02-06T11:51:02","slug":"values-professionalism","status":"publish","type":"page","link":"https:\/\/ellgeo.com\/fr\/values-professionalism\/","title":{"rendered":"Valeurs et Professionnalisme"},"content":{"rendered":"<div class=\"wpb-content-wrapper\"><div class=\"vc_row wpb_row vc_row-fluid\"><div class=\"wpb_column vc_column_container vc_col-sm-12\"><div class=\"vc_column-inner\"><div class=\"wpb_wrapper\">\n\t<div class=\"wpb_text_column wpb_content_element\" >\n\t\t<div class=\"wpb_wrapper\">\n\t\t\t<h1>Nos Valeurs<\/h1>\n<div class=\"values-box-wrap\">\n<div class=\"value-box\">\n<div class=\"icon\"><img decoding=\"async\" src=\"https:\/\/ellgeo.com\/wp-content\/uploads\/2023\/11\/moving.png\"><\/div>\n<h4>Growth,<\/h4>\n<p>Notre culture ax\u00e9e sur les personnes nous motive \u00e0 nous assurer que les besoins de toutes nos parties prenantes sont satisfaits. Nous prosp\u00e9rons gr\u00e2ce \u00e0 l'excellence professionnelle, et nous grandissons ensemble.<\/p>\n<\/div>\n<div class=\"value-box\">\n<div class=\"icon\"><img decoding=\"async\" src=\"https:\/\/ellgeo.com\/wp-content\/uploads\/2023\/11\/forward.png\"><\/div>\n<h4>Tourn\u00e9 Vers l'Avenir<\/h4>\n<p>Nous puisons dans nos solides comp\u00e9tences personnelles et organisationnelles pour proposer des solutions de premier ordre et durables qui nous conduiront vers un avenir r\u00e9ussi.<\/p>\n<\/div>\n<div class=\"value-box\">\n<div class=\"icon\"><img decoding=\"async\" src=\"https:\/\/ellgeo.com\/wp-content\/uploads\/2023\/11\/arrow.png\"><\/div>\n<h4>We Make It Happen.<\/h4>\n<p>Nous nous engageons continuellement \u00e0 respecter nos engagements et nous ne m\u00e9nageons aucun effort pour tenir nos promesses.<\/p>\n<\/div>\n<\/div>\n<h1>Notre Engagement Professionnel<\/h1>\n<p>Le fait d'\u00eatre un \"International Professional Partner Firm\" indique que nous sommes publiquement align\u00e9s sur le Chartered Insurance Institute (CII).<\/p>\n<p>C'est la preuve que nous formons des professionnels pour :<\/p>\n<ul>\n<li>Fournir des r\u00e9sultats exceptionnels aux clients<\/li>\n<li>D\u00e9montrer le plus haut niveau de comportement \u00e9thique et professionnel<\/li>\n<li>\u00catre de v\u00e9ritables experts dans leur domaine de pr\u00e9dilection.<\/li>\n<\/ul>\n<p>Ce partenariat avec le CII prouve \u00e9galement que :<\/p>\n<ul>\n<li>Nous valorisons et investissons dans nos employ\u00e9s.<\/li>\n<li>Nous nous engageons \u00e0 d\u00e9montrer et \u00e0 rehausser les normes professionnelles au sein de notre profession.<\/li>\n<li>Nous nous engageons \u00e0 offrir les meilleurs conseils \u00e0 nos clients<\/li>\n<\/ul>\n<div class=\"logo\"><img decoding=\"async\" src=\"https:\/\/ellgeo.com\/wp-content\/uploads\/2022\/08\/IPPF-Logo-426-CMYK.jpg\"><\/div>\n\n\t\t<\/div>\n\t<\/div>\n<\/div><\/div><\/div><\/div>\n<\/div>","protected":false},"excerpt":{"rendered":"Our Values Growth Our People-First culture keeps us driven to ensure that the needs of all our stakeholders are met. We thrive on professional excellence and we grow together. Forward Looking We draw from our strong personal and organizational capabilities to propose top-notch, sustainable solutions that will carry us through to a successful future. We... <a class=\"view-article\" href=\"https:\/\/ellgeo.com\/fr\/values-professionalism\/\">Voir l'article<\/a>","protected":false},"author":1,"featured_media":3246,"parent":0,"menu_order":0,"comment_status":"closed","ping_status":"closed","template":"template-demo.php","meta":{"ngg_post_thumbnail":0,"footnotes":""},"class_list":["post-2730","page","type-page","status-publish","has-post-thumbnail","hentry"],"yoast_head":"<!-- This site is optimized with the Yoast SEO plugin v27.3 - https:\/\/yoast.com\/product\/yoast-seo-wordpress\/ -->\n<title>EllGeo Re Values &amp; Professionalism -<\/title>\n<meta name=\"robots\" content=\"index, follow, max-snippet:-1, max-image-preview:large, max-video-preview:-1\" \/>\n<link rel=\"canonical\" href=\"https:\/\/ellgeo.com\/fr\/values-professionalism\/\" \/>\n<meta property=\"og:locale\" content=\"fr_FR\" \/>\n<meta property=\"og:type\" content=\"article\" \/>\n<meta property=\"og:title\" content=\"EllGeo Re Values &amp; Professionalism -\" \/>\n<meta property=\"og:url\" content=\"https:\/\/ellgeo.com\/fr\/values-professionalism\/\" \/>\n<meta property=\"og:site_name\" content=\"EllGeo Re\" \/>\n<meta property=\"article:modified_time\" content=\"2025-02-06T11:51:02+00:00\" \/>\n<meta property=\"og:image\" content=\"https:\/\/ellgeo.com\/wp-content\/uploads\/2025\/02\/Website-Header.jpg\" \/>\n\t<meta property=\"og:image:width\" content=\"1280\" \/>\n\t<meta property=\"og:image:height\" content=\"546\" \/>\n\t<meta property=\"og:image:type\" content=\"image\/jpeg\" \/>\n<meta name=\"twitter:card\" content=\"summary_large_image\" \/>\n<meta name=\"twitter:label1\" content=\"Dur\u00e9e de lecture estim\u00e9e\" \/>\n\t<meta name=\"twitter:data1\" content=\"2 minutes\" \/>\n<script type=\"application\/ld+json\" class=\"yoast-schema-graph\">{\"@context\":\"https:\\\/\\\/schema.org\",\"@graph\":[{\"@type\":\"WebPage\",\"@id\":\"https:\\\/\\\/ellgeo.com\\\/values-professionalism\\\/\",\"url\":\"https:\\\/\\\/ellgeo.com\\\/values-professionalism\\\/\",\"name\":\"EllGeo Re Values & Professionalism -\",\"isPartOf\":{\"@id\":\"https:\\\/\\\/ellgeo.com\\\/#website\"},\"primaryImageOfPage\":{\"@id\":\"https:\\\/\\\/ellgeo.com\\\/values-professionalism\\\/#primaryimage\"},\"image\":{\"@id\":\"https:\\\/\\\/ellgeo.com\\\/values-professionalism\\\/#primaryimage\"},\"thumbnailUrl\":\"https:\\\/\\\/ellgeo.com\\\/wp-content\\\/uploads\\\/2025\\\/02\\\/Website-Header.jpg\",\"datePublished\":\"2023-10-31T12:14:49+00:00\",\"dateModified\":\"2025-02-06T11:51:02+00:00\",\"breadcrumb\":{\"@id\":\"https:\\\/\\\/ellgeo.com\\\/values-professionalism\\\/#breadcrumb\"},\"inLanguage\":\"fr-FR\",\"potentialAction\":[{\"@type\":\"ReadAction\",\"target\":[\"https:\\\/\\\/ellgeo.com\\\/values-professionalism\\\/\"]}]},{\"@type\":\"ImageObject\",\"inLanguage\":\"fr-FR\",\"@id\":\"https:\\\/\\\/ellgeo.com\\\/values-professionalism\\\/#primaryimage\",\"url\":\"https:\\\/\\\/ellgeo.com\\\/wp-content\\\/uploads\\\/2025\\\/02\\\/Website-Header.jpg\",\"contentUrl\":\"https:\\\/\\\/ellgeo.com\\\/wp-content\\\/uploads\\\/2025\\\/02\\\/Website-Header.jpg\",\"width\":1280,\"height\":546},{\"@type\":\"BreadcrumbList\",\"@id\":\"https:\\\/\\\/ellgeo.com\\\/values-professionalism\\\/#breadcrumb\",\"itemListElement\":[{\"@type\":\"ListItem\",\"position\":1,\"name\":\"Home\",\"item\":\"https:\\\/\\\/ellgeo.com\\\/\"},{\"@type\":\"ListItem\",\"position\":2,\"name\":\"Values &#038; Professionalism\"}]},{\"@type\":\"WebSite\",\"@id\":\"https:\\\/\\\/ellgeo.com\\\/#website\",\"url\":\"https:\\\/\\\/ellgeo.com\\\/\",\"name\":\"EllGeo Re\",\"description\":\"One of the leading Reinsurance Brokers\",\"potentialAction\":[{\"@type\":\"SearchAction\",\"target\":{\"@type\":\"EntryPoint\",\"urlTemplate\":\"https:\\\/\\\/ellgeo.com\\\/?s={search_term_string}\"},\"query-input\":{\"@type\":\"PropertyValueSpecification\",\"valueRequired\":true,\"valueName\":\"search_term_string\"}}],\"inLanguage\":\"fr-FR\"}]}<\/script>\n<!-- \/ Yoast SEO plugin. -->","yoast_head_json":{"title":"EllGeo Re Values & Professionalism -","robots":{"index":"index","follow":"follow","max-snippet":"max-snippet:-1","max-image-preview":"max-image-preview:large","max-video-preview":"max-video-preview:-1"},"canonical":"https:\/\/ellgeo.com\/fr\/values-professionalism\/","og_locale":"fr_FR","og_type":"article","og_title":"EllGeo Re Values & Professionalism -","og_url":"https:\/\/ellgeo.com\/fr\/values-professionalism\/","og_site_name":"EllGeo Re","article_modified_time":"2025-02-06T11:51:02+00:00","og_image":[{"width":1280,"height":546,"url":"https:\/\/ellgeo.com\/wp-content\/uploads\/2025\/02\/Website-Header.jpg","type":"image\/jpeg"}],"twitter_card":"summary_large_image","twitter_misc":{"Dur\u00e9e de lecture estim\u00e9e":"2 minutes"},"schema":{"@context":"https:\/\/schema.org","@graph":[{"@type":"WebPage","@id":"https:\/\/ellgeo.com\/values-professionalism\/","url":"https:\/\/ellgeo.com\/values-professionalism\/","name":"EllGeo Re Values & Professionalism -","isPartOf":{"@id":"https:\/\/ellgeo.com\/#website"},"primaryImageOfPage":{"@id":"https:\/\/ellgeo.com\/values-professionalism\/#primaryimage"},"image":{"@id":"https:\/\/ellgeo.com\/values-professionalism\/#primaryimage"},"thumbnailUrl":"https:\/\/ellgeo.com\/wp-content\/uploads\/2025\/02\/Website-Header.jpg","datePublished":"2023-10-31T12:14:49+00:00","dateModified":"2025-02-06T11:51:02+00:00","breadcrumb":{"@id":"https:\/\/ellgeo.com\/values-professionalism\/#breadcrumb"},"inLanguage":"fr-FR","potentialAction":[{"@type":"ReadAction","target":["https:\/\/ellgeo.com\/values-professionalism\/"]}]},{"@type":"ImageObject","inLanguage":"fr-FR","@id":"https:\/\/ellgeo.com\/values-professionalism\/#primaryimage","url":"https:\/\/ellgeo.com\/wp-content\/uploads\/2025\/02\/Website-Header.jpg","contentUrl":"https:\/\/ellgeo.com\/wp-content\/uploads\/2025\/02\/Website-Header.jpg","width":1280,"height":546},{"@type":"BreadcrumbList","@id":"https:\/\/ellgeo.com\/values-professionalism\/#breadcrumb","itemListElement":[{"@type":"ListItem","position":1,"name":"Home","item":"https:\/\/ellgeo.com\/"},{"@type":"ListItem","position":2,"name":"Values &#038; Professionalism"}]},{"@type":"WebSite","@id":"https:\/\/ellgeo.com\/#website","url":"https:\/\/ellgeo.com\/","name":"EllGeo Re","description":"One of the leading Reinsurance Brokers","potentialAction":[{"@type":"SearchAction","target":{"@type":"EntryPoint","urlTemplate":"https:\/\/ellgeo.com\/?s={search_term_string}"},"query-input":{"@type":"PropertyValueSpecification","valueRequired":true,"valueName":"search_term_string"}}],"inLanguage":"fr-FR"}]}},"jetpack_sharing_enabled":true,"_links":{"self":[{"href":"https:\/\/ellgeo.com\/fr\/wp-json\/wp\/v2\/pages\/2730","targetHints":{"allow":["GET"]}}],"collection":[{"href":"https:\/\/ellgeo.com\/fr\/wp-json\/wp\/v2\/pages"}],"about":[{"href":"https:\/\/ellgeo.com\/fr\/wp-json\/wp\/v2\/types\/page"}],"author":[{"embeddable":true,"href":"https:\/\/ellgeo.com\/fr\/wp-json\/wp\/v2\/users\/1"}],"replies":[{"embeddable":true,"href":"https:\/\/ellgeo.com\/fr\/wp-json\/wp\/v2\/comments?post=2730"}],"version-history":[{"count":16,"href":"https:\/\/ellgeo.com\/fr\/wp-json\/wp\/v2\/pages\/2730\/revisions"}],"predecessor-version":[{"id":3248,"href":"https:\/\/ellgeo.com\/fr\/wp-json\/wp\/v2\/pages\/2730\/revisions\/3248"}],"wp:featuredmedia":[{"embeddable":true,"href":"https:\/\/ellgeo.com\/fr\/wp-json\/wp\/v2\/media\/3246"}],"wp:attachment":[{"href":"https:\/\/ellgeo.com\/fr\/wp-json\/wp\/v2\/media?parent=2730"}],"curies":[{"name":"wp","href":"https:\/\/api.w.org\/{rel}","templated":true}]}}