{"id":2737,"date":"2023-10-31T12:39:39","date_gmt":"2023-10-31T12:39:39","guid":{"rendered":"https:\/\/ellgeo.com\/?page_id=2737"},"modified":"2025-02-06T11:51:31","modified_gmt":"2025-02-06T11:51:31","slug":"board-of-directors","status":"publish","type":"page","link":"https:\/\/ellgeo.com\/fr\/board-of-directors\/","title":{"rendered":"Conseil d'Administration"},"content":{"rendered":"<div class=\"wpb-content-wrapper\"><div class=\"vc_row wpb_row vc_row-fluid\"><div class=\"bod-wrap wpb_column vc_column_container vc_col-sm-12\"><div class=\"vc_column-inner vc_custom_1698756702263\"><div class=\"wpb_wrapper\">\n\t<div class=\"wpb_text_column wpb_content_element bod-global\" >\n\t\t<div class=\"wpb_wrapper\">\n\t\t\t<div class=\"bod\">\n<div class=\"bod-image\"><img loading=\"lazy\" decoding=\"async\" width=\"1000\" height=\"1000\" class=\"alignnone size-full wp-image-2766\" src=\"https:\/\/ellgeo.com\/wp-content\/uploads\/2023\/11\/Thierry-Labat.png\" alt=\"\" srcset=\"https:\/\/ellgeo.com\/wp-content\/uploads\/2023\/11\/Thierry-Labat.png 1000w, https:\/\/ellgeo.com\/wp-content\/uploads\/2023\/11\/Thierry-Labat-250x250.png 250w, https:\/\/ellgeo.com\/wp-content\/uploads\/2023\/11\/Thierry-Labat-700x700.png 700w, https:\/\/ellgeo.com\/wp-content\/uploads\/2023\/11\/Thierry-Labat-150x150.png 150w, https:\/\/ellgeo.com\/wp-content\/uploads\/2023\/11\/Thierry-Labat-768x768.png 768w, https:\/\/ellgeo.com\/wp-content\/uploads\/2023\/11\/Thierry-Labat-12x12.png 12w, https:\/\/ellgeo.com\/wp-content\/uploads\/2023\/11\/Thierry-Labat-120x120.png 120w, https:\/\/ellgeo.com\/wp-content\/uploads\/2023\/11\/Thierry-Labat-75x75.png 75w, https:\/\/ellgeo.com\/wp-content\/uploads\/2023\/11\/Thierry-Labat-300x300.png 300w, https:\/\/ellgeo.com\/wp-content\/uploads\/2023\/11\/Thierry-Labat-600x600.png 600w, https:\/\/ellgeo.com\/wp-content\/uploads\/2023\/11\/Thierry-Labat-100x100.png 100w, https:\/\/ellgeo.com\/wp-content\/uploads\/2023\/11\/Thierry-Labat-400x400.png 400w\" sizes=\"(max-width: 1000px) 100vw, 1000px\" \/><\/div>\n<div class=\"bod-info\">\n<p>Thierry Labat<\/p>\n<p class=\"bod-work\">Pr\u00e9sident et Directeur Non Ex\u00e9cutif<\/p>\n<h3>Historique :<\/h3>\n<p>Chartered Secretary; Fellow of ICSA (UK)<br \/>\nGroup Head of Corporate Services, IBL Group<\/p>\n<h3>Domaines d'expertise :<\/h3>\n<p>Affaires g\u00e9n\u00e9rales, affaires juridiques, capital humain, communication, gestion des risques et conformit\u00e9, audit interne, marques et consulats<\/p>\n<\/div>\n<\/div>\n\n\t\t<\/div>\n\t<\/div>\n\n\t<div class=\"wpb_text_column wpb_content_element bod-global\" >\n\t\t<div class=\"wpb_wrapper\">\n\t\t\t<div class=\"bod\">\n<div class=\"bod-image\"><img loading=\"lazy\" decoding=\"async\" class=\"alignnone wp-image-2869 size-full\" src=\"https:\/\/ellgeo.com\/wp-content\/uploads\/2024\/01\/Untitled-design-4.jpg\" alt=\"\" width=\"1000\" height=\"1000\" srcset=\"https:\/\/ellgeo.com\/wp-content\/uploads\/2024\/01\/Untitled-design-4.jpg 1000w, https:\/\/ellgeo.com\/wp-content\/uploads\/2024\/01\/Untitled-design-4-250x250.jpg 250w, https:\/\/ellgeo.com\/wp-content\/uploads\/2024\/01\/Untitled-design-4-700x700.jpg 700w, https:\/\/ellgeo.com\/wp-content\/uploads\/2024\/01\/Untitled-design-4-150x150.jpg 150w, https:\/\/ellgeo.com\/wp-content\/uploads\/2024\/01\/Untitled-design-4-768x768.jpg 768w, https:\/\/ellgeo.com\/wp-content\/uploads\/2024\/01\/Untitled-design-4-12x12.jpg 12w, https:\/\/ellgeo.com\/wp-content\/uploads\/2024\/01\/Untitled-design-4-120x120.jpg 120w, https:\/\/ellgeo.com\/wp-content\/uploads\/2024\/01\/Untitled-design-4-75x75.jpg 75w, https:\/\/ellgeo.com\/wp-content\/uploads\/2024\/01\/Untitled-design-4-300x300.jpg 300w, https:\/\/ellgeo.com\/wp-content\/uploads\/2024\/01\/Untitled-design-4-600x600.jpg 600w, https:\/\/ellgeo.com\/wp-content\/uploads\/2024\/01\/Untitled-design-4-100x100.jpg 100w, https:\/\/ellgeo.com\/wp-content\/uploads\/2024\/01\/Untitled-design-4-400x400.jpg 400w\" sizes=\"(max-width: 1000px) 100vw, 1000px\" \/><\/div>\n<div class=\"bod-info\">\n<p>Jean-Alain Francis<\/p>\n<p class=\"bod-work\">Directeur Ex\u00e9cutif et P.-D.G.<\/p>\n<h3>Historique :<\/h3>\n<p>FCII (UK), Chartered Insurance Broker, MBA (Heriot-Watt,UK)<br \/>\nSeasoned Insurance and Reinsurance Professional<\/p>\n<h3>Domaines d'expertise :<\/h3>\n<p>Op\u00e9rations d'assurance et de r\u00e9assurance, conseil en r\u00e9assurance, leadership, strat\u00e9gie, gestion de projet, formation, coaching<\/p>\n<\/div>\n<\/div>\n\n\t\t<\/div>\n\t<\/div>\n\n\t<div class=\"wpb_text_column wpb_content_element bod-global\" >\n\t\t<div class=\"wpb_wrapper\">\n\t\t\t<div class=\"bod\">\n<div class=\"bod-image\"><img loading=\"lazy\" decoding=\"async\" width=\"1000\" height=\"1000\" class=\"alignnone size-full wp-image-2763\" src=\"https:\/\/ellgeo.com\/wp-content\/uploads\/2023\/11\/Nadeem-Lallmamode.png\" alt=\"\" srcset=\"https:\/\/ellgeo.com\/wp-content\/uploads\/2023\/11\/Nadeem-Lallmamode.png 1000w, https:\/\/ellgeo.com\/wp-content\/uploads\/2023\/11\/Nadeem-Lallmamode-250x250.png 250w, https:\/\/ellgeo.com\/wp-content\/uploads\/2023\/11\/Nadeem-Lallmamode-700x700.png 700w, https:\/\/ellgeo.com\/wp-content\/uploads\/2023\/11\/Nadeem-Lallmamode-150x150.png 150w, https:\/\/ellgeo.com\/wp-content\/uploads\/2023\/11\/Nadeem-Lallmamode-768x768.png 768w, https:\/\/ellgeo.com\/wp-content\/uploads\/2023\/11\/Nadeem-Lallmamode-12x12.png 12w, https:\/\/ellgeo.com\/wp-content\/uploads\/2023\/11\/Nadeem-Lallmamode-120x120.png 120w, https:\/\/ellgeo.com\/wp-content\/uploads\/2023\/11\/Nadeem-Lallmamode-75x75.png 75w, https:\/\/ellgeo.com\/wp-content\/uploads\/2023\/11\/Nadeem-Lallmamode-300x300.png 300w, https:\/\/ellgeo.com\/wp-content\/uploads\/2023\/11\/Nadeem-Lallmamode-600x600.png 600w, https:\/\/ellgeo.com\/wp-content\/uploads\/2023\/11\/Nadeem-Lallmamode-100x100.png 100w, https:\/\/ellgeo.com\/wp-content\/uploads\/2023\/11\/Nadeem-Lallmamode-400x400.png 400w\" sizes=\"(max-width: 1000px) 100vw, 1000px\" \/><\/div>\n<div class=\"bod-info\">\n<p>Nadeem Lallmamode<\/p>\n<p class=\"bod-work\">Directeur Non Ex\u00e9cutif Ind\u00e9pendant<\/p>\n<h3>Historique :<\/h3>\n<p>LLM, International Commercial Law (Nottingham, UK)<br \/>\nPartner at Benoit Chambers &#8211; Mauritius<\/p>\n<h3>Domaines d'expertise :<\/h3>\n<p>Fonds, services financiers et droit des valeurs mobili\u00e8res, propri\u00e9t\u00e9 intellectuelle et droit de la concurrence<\/p>\n<\/div>\n<\/div>\n\n\t\t<\/div>\n\t<\/div>\n\n\t<div class=\"wpb_text_column wpb_content_element bod-global\" >\n\t\t<div class=\"wpb_wrapper\">\n\t\t\t<div class=\"bod\">\n<div class=\"bod-image\"><img loading=\"lazy\" decoding=\"async\" class=\"alignnone wp-image-3244 size-full\" src=\"https:\/\/ellgeo.com\/wp-content\/uploads\/2025\/02\/Copy-of-Untitled-Design.jpg\" alt=\"\" width=\"1000\" height=\"1000\" srcset=\"https:\/\/ellgeo.com\/wp-content\/uploads\/2025\/02\/Copy-of-Untitled-Design.jpg 1000w, https:\/\/ellgeo.com\/wp-content\/uploads\/2025\/02\/Copy-of-Untitled-Design-250x250.jpg 250w, https:\/\/ellgeo.com\/wp-content\/uploads\/2025\/02\/Copy-of-Untitled-Design-700x700.jpg 700w, https:\/\/ellgeo.com\/wp-content\/uploads\/2025\/02\/Copy-of-Untitled-Design-150x150.jpg 150w, https:\/\/ellgeo.com\/wp-content\/uploads\/2025\/02\/Copy-of-Untitled-Design-768x768.jpg 768w, https:\/\/ellgeo.com\/wp-content\/uploads\/2025\/02\/Copy-of-Untitled-Design-12x12.jpg 12w, https:\/\/ellgeo.com\/wp-content\/uploads\/2025\/02\/Copy-of-Untitled-Design-120x120.jpg 120w, https:\/\/ellgeo.com\/wp-content\/uploads\/2025\/02\/Copy-of-Untitled-Design-75x75.jpg 75w, https:\/\/ellgeo.com\/wp-content\/uploads\/2025\/02\/Copy-of-Untitled-Design-300x300.jpg 300w, https:\/\/ellgeo.com\/wp-content\/uploads\/2025\/02\/Copy-of-Untitled-Design-600x600.jpg 600w, https:\/\/ellgeo.com\/wp-content\/uploads\/2025\/02\/Copy-of-Untitled-Design-100x100.jpg 100w, https:\/\/ellgeo.com\/wp-content\/uploads\/2025\/02\/Copy-of-Untitled-Design-400x400.jpg 400w\" sizes=\"(max-width: 1000px) 100vw, 1000px\" \/><\/div>\n<div class=\"bod-info\">\n<p>Henri Harel<\/p>\n<p class=\"bod-work\">Directeur Non Ex\u00e9cutif<\/p>\n<h3>Historique :<\/h3>\n<div class=\"\">Bachelor of Commerce (University of Western Australia)<br class=\"\">Member, Institute of Chartered Accountants of England and Wales (ICAEW)<\/div>\n<div class=\"\">Audit and Risk Committees &#8211; CIDP Ltd &amp; Life Together Ltd<\/div>\n<div class=\"\">Member, Management Committee &#8211; IBL Pension Fund<\/div>\n<h3>Domaines d'expertise :<\/h3>\n<p>\u00c9valuations, Due Diligences, fusions et acquisitions<br class=\"\">Conseils en transactions dans divers secteurs<\/p>\n<\/div>\n<\/div>\n\n\t\t<\/div>\n\t<\/div>\n\n\t<div class=\"wpb_text_column wpb_content_element bod-global\" >\n\t\t<div class=\"wpb_wrapper\">\n\t\t\t<div class=\"bod\">\n<div class=\"bod-image\"><img loading=\"lazy\" decoding=\"async\" width=\"1000\" height=\"1000\" class=\"alignnone size-full wp-image-2765\" src=\"https:\/\/ellgeo.com\/wp-content\/uploads\/2023\/11\/Suzanne-Leung.png\" alt=\"\" srcset=\"https:\/\/ellgeo.com\/wp-content\/uploads\/2023\/11\/Suzanne-Leung.png 1000w, https:\/\/ellgeo.com\/wp-content\/uploads\/2023\/11\/Suzanne-Leung-250x250.png 250w, https:\/\/ellgeo.com\/wp-content\/uploads\/2023\/11\/Suzanne-Leung-700x700.png 700w, https:\/\/ellgeo.com\/wp-content\/uploads\/2023\/11\/Suzanne-Leung-150x150.png 150w, https:\/\/ellgeo.com\/wp-content\/uploads\/2023\/11\/Suzanne-Leung-768x768.png 768w, https:\/\/ellgeo.com\/wp-content\/uploads\/2023\/11\/Suzanne-Leung-12x12.png 12w, https:\/\/ellgeo.com\/wp-content\/uploads\/2023\/11\/Suzanne-Leung-120x120.png 120w, https:\/\/ellgeo.com\/wp-content\/uploads\/2023\/11\/Suzanne-Leung-75x75.png 75w, https:\/\/ellgeo.com\/wp-content\/uploads\/2023\/11\/Suzanne-Leung-300x300.png 300w, https:\/\/ellgeo.com\/wp-content\/uploads\/2023\/11\/Suzanne-Leung-600x600.png 600w, https:\/\/ellgeo.com\/wp-content\/uploads\/2023\/11\/Suzanne-Leung-100x100.png 100w, https:\/\/ellgeo.com\/wp-content\/uploads\/2023\/11\/Suzanne-Leung-400x400.png 400w\" sizes=\"(max-width: 1000px) 100vw, 1000px\" \/><\/div>\n<div class=\"bod-info\">\n<p>Suzanne Leung<\/p>\n<p class=\"bod-work\">Directrice Non Ex\u00e9cutive Ind\u00e9pendante<\/p>\n<h3>Historique :<\/h3>\n<p>ACII (UK), Chartered Insurance Broker<\/p>\n<p>Industry expertise at the level of Board of Directors<\/p>\n<h3>Domaines d'expertise :<\/h3>\n<p>Planification et mise en \u0153uvre de la strat\u00e9gie commerciale, d\u00e9veloppement commercial, leadership des collaborateurs et des projets, gestion des clients<\/p>\n<\/div>\n<\/div>\n\n\t\t<\/div>\n\t<\/div>\n<\/div><\/div><\/div><\/div>\n<\/div>","protected":false},"excerpt":{"rendered":"Thierry Labat Chairman &amp; Non-Executive Director Background: Chartered Secretary; Fellow of ICSA (UK) Group Head of Corporate Services, IBL Group Areas of Expertise: Corporate Affairs, Legal Affairs, Human Capital, Communications, Risk management &amp; Compliance, Internal Audit, Trademarks &amp; Consulates Jean-Alain Francis Executive Director &amp; CEO Background: FCII (UK), Chartered Insurance Broker, MBA (Heriot-Watt,UK) Seasoned Insurance... <a class=\"view-article\" href=\"https:\/\/ellgeo.com\/fr\/board-of-directors\/\">Voir l'article<\/a>","protected":false},"author":1,"featured_media":3246,"parent":0,"menu_order":0,"comment_status":"closed","ping_status":"closed","template":"template-demo.php","meta":{"ngg_post_thumbnail":0,"footnotes":""},"class_list":["post-2737","page","type-page","status-publish","has-post-thumbnail","hentry"],"yoast_head":"<!-- This site is optimized with the Yoast SEO plugin v27.3 - https:\/\/yoast.com\/product\/yoast-seo-wordpress\/ -->\n<title>EllGeo Re - Board of Directors<\/title>\n<meta name=\"description\" content=\"EllGeo team believes in the value of quality service, professionalism, innovation and ease of doing business. Meet the Crew!\" \/>\n<meta name=\"robots\" content=\"index, follow, max-snippet:-1, max-image-preview:large, max-video-preview:-1\" \/>\n<link rel=\"canonical\" href=\"https:\/\/ellgeo.com\/fr\/board-of-directors\/\" \/>\n<meta property=\"og:locale\" content=\"fr_FR\" \/>\n<meta property=\"og:type\" content=\"article\" \/>\n<meta property=\"og:title\" content=\"EllGeo Re - Board of Directors\" \/>\n<meta property=\"og:description\" content=\"EllGeo team believes in the value of quality service, professionalism, innovation and ease of doing business. Meet the Crew!\" \/>\n<meta property=\"og:url\" content=\"https:\/\/ellgeo.com\/fr\/board-of-directors\/\" \/>\n<meta property=\"og:site_name\" content=\"EllGeo Re\" \/>\n<meta property=\"article:modified_time\" content=\"2025-02-06T11:51:31+00:00\" \/>\n<meta property=\"og:image\" content=\"https:\/\/ellgeo.com\/wp-content\/uploads\/2025\/02\/Website-Header.jpg\" \/>\n\t<meta property=\"og:image:width\" content=\"1280\" \/>\n\t<meta property=\"og:image:height\" content=\"546\" \/>\n\t<meta property=\"og:image:type\" content=\"image\/jpeg\" \/>\n<meta name=\"twitter:card\" content=\"summary_large_image\" \/>\n<meta name=\"twitter:label1\" content=\"Dur\u00e9e de lecture estim\u00e9e\" \/>\n\t<meta name=\"twitter:data1\" content=\"3 minutes\" \/>\n<script type=\"application\/ld+json\" class=\"yoast-schema-graph\">{\"@context\":\"https:\\\/\\\/schema.org\",\"@graph\":[{\"@type\":\"WebPage\",\"@id\":\"https:\\\/\\\/ellgeo.com\\\/board-of-directors\\\/\",\"url\":\"https:\\\/\\\/ellgeo.com\\\/board-of-directors\\\/\",\"name\":\"EllGeo Re - Board of Directors\",\"isPartOf\":{\"@id\":\"https:\\\/\\\/ellgeo.com\\\/#website\"},\"primaryImageOfPage\":{\"@id\":\"https:\\\/\\\/ellgeo.com\\\/board-of-directors\\\/#primaryimage\"},\"image\":{\"@id\":\"https:\\\/\\\/ellgeo.com\\\/board-of-directors\\\/#primaryimage\"},\"thumbnailUrl\":\"https:\\\/\\\/ellgeo.com\\\/wp-content\\\/uploads\\\/2025\\\/02\\\/Website-Header.jpg\",\"datePublished\":\"2023-10-31T12:39:39+00:00\",\"dateModified\":\"2025-02-06T11:51:31+00:00\",\"description\":\"EllGeo team believes in the value of quality service, professionalism, innovation and ease of doing business. Meet the Crew!\",\"breadcrumb\":{\"@id\":\"https:\\\/\\\/ellgeo.com\\\/board-of-directors\\\/#breadcrumb\"},\"inLanguage\":\"fr-FR\",\"potentialAction\":[{\"@type\":\"ReadAction\",\"target\":[\"https:\\\/\\\/ellgeo.com\\\/board-of-directors\\\/\"]}]},{\"@type\":\"ImageObject\",\"inLanguage\":\"fr-FR\",\"@id\":\"https:\\\/\\\/ellgeo.com\\\/board-of-directors\\\/#primaryimage\",\"url\":\"https:\\\/\\\/ellgeo.com\\\/wp-content\\\/uploads\\\/2025\\\/02\\\/Website-Header.jpg\",\"contentUrl\":\"https:\\\/\\\/ellgeo.com\\\/wp-content\\\/uploads\\\/2025\\\/02\\\/Website-Header.jpg\",\"width\":1280,\"height\":546},{\"@type\":\"BreadcrumbList\",\"@id\":\"https:\\\/\\\/ellgeo.com\\\/board-of-directors\\\/#breadcrumb\",\"itemListElement\":[{\"@type\":\"ListItem\",\"position\":1,\"name\":\"Home\",\"item\":\"https:\\\/\\\/ellgeo.com\\\/\"},{\"@type\":\"ListItem\",\"position\":2,\"name\":\"Board of Directors\"}]},{\"@type\":\"WebSite\",\"@id\":\"https:\\\/\\\/ellgeo.com\\\/#website\",\"url\":\"https:\\\/\\\/ellgeo.com\\\/\",\"name\":\"EllGeo Re\",\"description\":\"One of the leading Reinsurance Brokers\",\"potentialAction\":[{\"@type\":\"SearchAction\",\"target\":{\"@type\":\"EntryPoint\",\"urlTemplate\":\"https:\\\/\\\/ellgeo.com\\\/?s={search_term_string}\"},\"query-input\":{\"@type\":\"PropertyValueSpecification\",\"valueRequired\":true,\"valueName\":\"search_term_string\"}}],\"inLanguage\":\"fr-FR\"}]}<\/script>\n<!-- \/ Yoast SEO plugin. -->","yoast_head_json":{"title":"EllGeo Re - Board of Directors","description":"EllGeo team believes in the value of quality service, professionalism, innovation and ease of doing business. Meet the Crew!","robots":{"index":"index","follow":"follow","max-snippet":"max-snippet:-1","max-image-preview":"max-image-preview:large","max-video-preview":"max-video-preview:-1"},"canonical":"https:\/\/ellgeo.com\/fr\/board-of-directors\/","og_locale":"fr_FR","og_type":"article","og_title":"EllGeo Re - Board of Directors","og_description":"EllGeo team believes in the value of quality service, professionalism, innovation and ease of doing business. Meet the Crew!","og_url":"https:\/\/ellgeo.com\/fr\/board-of-directors\/","og_site_name":"EllGeo Re","article_modified_time":"2025-02-06T11:51:31+00:00","og_image":[{"width":1280,"height":546,"url":"https:\/\/ellgeo.com\/wp-content\/uploads\/2025\/02\/Website-Header.jpg","type":"image\/jpeg"}],"twitter_card":"summary_large_image","twitter_misc":{"Dur\u00e9e de lecture estim\u00e9e":"3 minutes"},"schema":{"@context":"https:\/\/schema.org","@graph":[{"@type":"WebPage","@id":"https:\/\/ellgeo.com\/board-of-directors\/","url":"https:\/\/ellgeo.com\/board-of-directors\/","name":"EllGeo Re - Board of Directors","isPartOf":{"@id":"https:\/\/ellgeo.com\/#website"},"primaryImageOfPage":{"@id":"https:\/\/ellgeo.com\/board-of-directors\/#primaryimage"},"image":{"@id":"https:\/\/ellgeo.com\/board-of-directors\/#primaryimage"},"thumbnailUrl":"https:\/\/ellgeo.com\/wp-content\/uploads\/2025\/02\/Website-Header.jpg","datePublished":"2023-10-31T12:39:39+00:00","dateModified":"2025-02-06T11:51:31+00:00","description":"EllGeo team believes in the value of quality service, professionalism, innovation and ease of doing business. Meet the Crew!","breadcrumb":{"@id":"https:\/\/ellgeo.com\/board-of-directors\/#breadcrumb"},"inLanguage":"fr-FR","potentialAction":[{"@type":"ReadAction","target":["https:\/\/ellgeo.com\/board-of-directors\/"]}]},{"@type":"ImageObject","inLanguage":"fr-FR","@id":"https:\/\/ellgeo.com\/board-of-directors\/#primaryimage","url":"https:\/\/ellgeo.com\/wp-content\/uploads\/2025\/02\/Website-Header.jpg","contentUrl":"https:\/\/ellgeo.com\/wp-content\/uploads\/2025\/02\/Website-Header.jpg","width":1280,"height":546},{"@type":"BreadcrumbList","@id":"https:\/\/ellgeo.com\/board-of-directors\/#breadcrumb","itemListElement":[{"@type":"ListItem","position":1,"name":"Home","item":"https:\/\/ellgeo.com\/"},{"@type":"ListItem","position":2,"name":"Board of Directors"}]},{"@type":"WebSite","@id":"https:\/\/ellgeo.com\/#website","url":"https:\/\/ellgeo.com\/","name":"EllGeo Re","description":"One of the leading Reinsurance Brokers","potentialAction":[{"@type":"SearchAction","target":{"@type":"EntryPoint","urlTemplate":"https:\/\/ellgeo.com\/?s={search_term_string}"},"query-input":{"@type":"PropertyValueSpecification","valueRequired":true,"valueName":"search_term_string"}}],"inLanguage":"fr-FR"}]}},"jetpack_sharing_enabled":true,"_links":{"self":[{"href":"https:\/\/ellgeo.com\/fr\/wp-json\/wp\/v2\/pages\/2737","targetHints":{"allow":["GET"]}}],"collection":[{"href":"https:\/\/ellgeo.com\/fr\/wp-json\/wp\/v2\/pages"}],"about":[{"href":"https:\/\/ellgeo.com\/fr\/wp-json\/wp\/v2\/types\/page"}],"author":[{"embeddable":true,"href":"https:\/\/ellgeo.com\/fr\/wp-json\/wp\/v2\/users\/1"}],"replies":[{"embeddable":true,"href":"https:\/\/ellgeo.com\/fr\/wp-json\/wp\/v2\/comments?post=2737"}],"version-history":[{"count":28,"href":"https:\/\/ellgeo.com\/fr\/wp-json\/wp\/v2\/pages\/2737\/revisions"}],"predecessor-version":[{"id":3245,"href":"https:\/\/ellgeo.com\/fr\/wp-json\/wp\/v2\/pages\/2737\/revisions\/3245"}],"wp:featuredmedia":[{"embeddable":true,"href":"https:\/\/ellgeo.com\/fr\/wp-json\/wp\/v2\/media\/3246"}],"wp:attachment":[{"href":"https:\/\/ellgeo.com\/fr\/wp-json\/wp\/v2\/media?parent=2737"}],"curies":[{"name":"wp","href":"https:\/\/api.w.org\/{rel}","templated":true}]}}