{"id":2755,"date":"2023-10-31T13:27:08","date_gmt":"2023-10-31T13:27:08","guid":{"rendered":"https:\/\/ellgeo.com\/?page_id=2755"},"modified":"2024-01-26T08:43:11","modified_gmt":"2024-01-26T08:43:11","slug":"east-africa","status":"publish","type":"page","link":"https:\/\/ellgeo.com\/fr\/east-africa\/","title":{"rendered":"Afrique de l'Est"},"content":{"rendered":"<div class=\"wpb-content-wrapper\"><div class=\"vc_row wpb_row vc_row-fluid\"><div class=\"wpb_column vc_column_container vc_col-sm-12\"><div class=\"vc_column-inner\"><div class=\"wpb_wrapper\">\n\t<div class=\"wpb_text_column wpb_content_element\" >\n\t\t<div class=\"wpb_wrapper\">\n\t\t\t<div class=\"logo-seagon\"><img loading=\"lazy\" decoding=\"async\" width=\"1018\" height=\"509\" class=\"alignnone size-full wp-image-2769 aligncenter\" src=\"https:\/\/ellgeo.com\/wp-content\/uploads\/2023\/11\/ellgeo-seagon-re.jpg\" alt=\"\" srcset=\"https:\/\/ellgeo.com\/wp-content\/uploads\/2023\/11\/ellgeo-seagon-re.jpg 1018w, https:\/\/ellgeo.com\/wp-content\/uploads\/2023\/11\/ellgeo-seagon-re-250x125.jpg 250w, https:\/\/ellgeo.com\/wp-content\/uploads\/2023\/11\/ellgeo-seagon-re-700x350.jpg 700w, https:\/\/ellgeo.com\/wp-content\/uploads\/2023\/11\/ellgeo-seagon-re-768x384.jpg 768w, https:\/\/ellgeo.com\/wp-content\/uploads\/2023\/11\/ellgeo-seagon-re-18x9.jpg 18w, https:\/\/ellgeo.com\/wp-content\/uploads\/2023\/11\/ellgeo-seagon-re-120x60.jpg 120w, https:\/\/ellgeo.com\/wp-content\/uploads\/2023\/11\/ellgeo-seagon-re-300x150.jpg 300w, https:\/\/ellgeo.com\/wp-content\/uploads\/2023\/11\/ellgeo-seagon-re-600x300.jpg 600w\" sizes=\"(max-width: 1018px) 100vw, 1018px\" \/><\/div>\n<h1 style=\"text-align: center;\">EllGeo Seagon Reinsurance Brokers Limited<\/h1>\n<h2 style=\"text-align: center;\">Expertise Locale pour l'Afrique de l'Est<\/h2>\n<p style=\"text-align: center;\">Apr\u00e8s des ann\u00e9es de succ\u00e8s dans la r\u00e9gion de l'Oc\u00e9an Indien, EllGeo Re (Mauritius) Limited (\"EllGeo Re\") concentre maintenant ses efforts sur le grand continent africain afin de saisir les opportunit\u00e9s qui propulseront sa croissance.<\/p>\n<p style=\"text-align: center;\">Dans ce sens, un nouveau partenariat entre EllGeo Re et JW Seagon Brokers Ltd a \u00e9t\u00e9 lanc\u00e9 dans les bureaux de JW Seagon \u00e0 Ola Energy Plaza, Muthaiga, au Kenya, le 3 octobre 2022. La nouvelle entit\u00e9, EllGeo Seagon Re, est bas\u00e9e dans les bureaux de JW Seagon et vise \u00e0 servir les compagnies d'assurance de la r\u00e9gion avec des solutions de r\u00e9assurance personnalis\u00e9es.<\/p>\n\n\t\t<\/div>\n\t<\/div>\n<\/div><\/div><\/div><\/div><div class=\"vc_row wpb_row vc_row-fluid\"><div class=\"bod-wrap wpb_column vc_column_container vc_col-sm-12\"><div class=\"vc_column-inner\"><div class=\"wpb_wrapper\">\n\t<div class=\"wpb_text_column wpb_content_element bod-global\" >\n\t\t<div class=\"wpb_wrapper\">\n\t\t\t<div class=\"bod\">\n<div class=\"bod-image\"><img decoding=\"async\" src=\"https:\/\/ellgeo.com\/wp-content\/uploads\/2023\/11\/Sidney-Mutai.png\" alt=\"\" \/><\/div>\n<div class=\"bod-info\">\n<p>Sidney K. Mutai<\/p>\n<p class=\"bod-work\">Senior Reinsurance Consultant East Africa<\/p>\n<h3>Historique :<\/h3>\n<p>Bachelor\u2019s Degree in Business Administration &amp; Finance with IT, on course towards CII (UK)<\/p>\n<h3>Domaines d'expertise :<\/h3>\n<p>D\u00e9veloppement commercial, r\u00e9conciliation des comptes, recherche de facultatives, analyse et pr\u00e9sentation du portefeuille, gestion des sinistres. Libell\u00e9 des Trait\u00e9s et des Facultatives<\/p>\n<\/div>\n<\/div>\n\n\t\t<\/div>\n\t<\/div>\n<\/div><\/div><\/div><\/div>\n<\/div>","protected":false},"excerpt":{"rendered":"EllGeo Seagon Reinsurance Brokers Limited Local Expertise for the East African Region After years of successful trading in the Indian Ocean region, EllGeo Re (Mauritius) Limited (\u201cEllGeo Re\u201d) is now focusing its efforts on the bigger African Continent to seize the opportunities that will propel its growth. In that sense, a new partnership between EllGeo... <a class=\"view-article\" href=\"https:\/\/ellgeo.com\/fr\/east-africa\/\">Voir l'article<\/a>","protected":false},"author":1,"featured_media":2608,"parent":0,"menu_order":0,"comment_status":"closed","ping_status":"closed","template":"template-demo.php","meta":{"ngg_post_thumbnail":0,"footnotes":""},"class_list":["post-2755","page","type-page","status-publish","has-post-thumbnail","hentry"],"yoast_head":"<!-- This site is optimized with the Yoast SEO plugin v27.4 - https:\/\/yoast.com\/product\/yoast-seo-wordpress\/ -->\n<title>EllGeo Re East Africa -<\/title>\n<meta name=\"robots\" content=\"index, follow, max-snippet:-1, max-image-preview:large, max-video-preview:-1\" \/>\n<link rel=\"canonical\" href=\"https:\/\/ellgeo.com\/fr\/east-africa\/\" \/>\n<meta property=\"og:locale\" content=\"fr_FR\" \/>\n<meta property=\"og:type\" content=\"article\" \/>\n<meta property=\"og:title\" content=\"EllGeo Re East Africa -\" \/>\n<meta property=\"og:url\" content=\"https:\/\/ellgeo.com\/fr\/east-africa\/\" \/>\n<meta property=\"og:site_name\" content=\"EllGeo Re\" \/>\n<meta property=\"article:modified_time\" content=\"2024-01-26T08:43:11+00:00\" \/>\n<meta property=\"og:image\" content=\"https:\/\/ellgeo.com\/wp-content\/uploads\/2022\/09\/Copy-of-Copy-of-Copy-of-Copy-of-Blog-Photos.jpg\" \/>\n\t<meta property=\"og:image:width\" content=\"1280\" \/>\n\t<meta property=\"og:image:height\" content=\"546\" \/>\n\t<meta property=\"og:image:type\" content=\"image\/jpeg\" \/>\n<meta name=\"twitter:card\" content=\"summary_large_image\" \/>\n<meta name=\"twitter:label1\" content=\"Dur\u00e9e de lecture estim\u00e9e\" \/>\n\t<meta name=\"twitter:data1\" content=\"2 minutes\" \/>\n<script type=\"application\/ld+json\" class=\"yoast-schema-graph\">{\"@context\":\"https:\\\/\\\/schema.org\",\"@graph\":[{\"@type\":\"WebPage\",\"@id\":\"https:\\\/\\\/ellgeo.com\\\/east-africa\\\/\",\"url\":\"https:\\\/\\\/ellgeo.com\\\/east-africa\\\/\",\"name\":\"EllGeo Re East Africa -\",\"isPartOf\":{\"@id\":\"https:\\\/\\\/ellgeo.com\\\/#website\"},\"primaryImageOfPage\":{\"@id\":\"https:\\\/\\\/ellgeo.com\\\/east-africa\\\/#primaryimage\"},\"image\":{\"@id\":\"https:\\\/\\\/ellgeo.com\\\/east-africa\\\/#primaryimage\"},\"thumbnailUrl\":\"https:\\\/\\\/ellgeo.com\\\/wp-content\\\/uploads\\\/2022\\\/09\\\/Copy-of-Copy-of-Copy-of-Copy-of-Blog-Photos.jpg\",\"datePublished\":\"2023-10-31T13:27:08+00:00\",\"dateModified\":\"2024-01-26T08:43:11+00:00\",\"breadcrumb\":{\"@id\":\"https:\\\/\\\/ellgeo.com\\\/east-africa\\\/#breadcrumb\"},\"inLanguage\":\"fr-FR\",\"potentialAction\":[{\"@type\":\"ReadAction\",\"target\":[\"https:\\\/\\\/ellgeo.com\\\/east-africa\\\/\"]}]},{\"@type\":\"ImageObject\",\"inLanguage\":\"fr-FR\",\"@id\":\"https:\\\/\\\/ellgeo.com\\\/east-africa\\\/#primaryimage\",\"url\":\"https:\\\/\\\/ellgeo.com\\\/wp-content\\\/uploads\\\/2022\\\/09\\\/Copy-of-Copy-of-Copy-of-Copy-of-Blog-Photos.jpg\",\"contentUrl\":\"https:\\\/\\\/ellgeo.com\\\/wp-content\\\/uploads\\\/2022\\\/09\\\/Copy-of-Copy-of-Copy-of-Copy-of-Blog-Photos.jpg\",\"width\":1280,\"height\":546},{\"@type\":\"BreadcrumbList\",\"@id\":\"https:\\\/\\\/ellgeo.com\\\/east-africa\\\/#breadcrumb\",\"itemListElement\":[{\"@type\":\"ListItem\",\"position\":1,\"name\":\"Home\",\"item\":\"https:\\\/\\\/ellgeo.com\\\/\"},{\"@type\":\"ListItem\",\"position\":2,\"name\":\"East Africa\"}]},{\"@type\":\"WebSite\",\"@id\":\"https:\\\/\\\/ellgeo.com\\\/#website\",\"url\":\"https:\\\/\\\/ellgeo.com\\\/\",\"name\":\"EllGeo Re\",\"description\":\"One of the leading Reinsurance Brokers\",\"potentialAction\":[{\"@type\":\"SearchAction\",\"target\":{\"@type\":\"EntryPoint\",\"urlTemplate\":\"https:\\\/\\\/ellgeo.com\\\/?s={search_term_string}\"},\"query-input\":{\"@type\":\"PropertyValueSpecification\",\"valueRequired\":true,\"valueName\":\"search_term_string\"}}],\"inLanguage\":\"fr-FR\"}]}<\/script>\n<!-- \/ Yoast SEO plugin. -->","yoast_head_json":{"title":"EllGeo Re East Africa -","robots":{"index":"index","follow":"follow","max-snippet":"max-snippet:-1","max-image-preview":"max-image-preview:large","max-video-preview":"max-video-preview:-1"},"canonical":"https:\/\/ellgeo.com\/fr\/east-africa\/","og_locale":"fr_FR","og_type":"article","og_title":"EllGeo Re East Africa -","og_url":"https:\/\/ellgeo.com\/fr\/east-africa\/","og_site_name":"EllGeo Re","article_modified_time":"2024-01-26T08:43:11+00:00","og_image":[{"width":1280,"height":546,"url":"https:\/\/ellgeo.com\/wp-content\/uploads\/2022\/09\/Copy-of-Copy-of-Copy-of-Copy-of-Blog-Photos.jpg","type":"image\/jpeg"}],"twitter_card":"summary_large_image","twitter_misc":{"Dur\u00e9e de lecture estim\u00e9e":"2 minutes"},"schema":{"@context":"https:\/\/schema.org","@graph":[{"@type":"WebPage","@id":"https:\/\/ellgeo.com\/east-africa\/","url":"https:\/\/ellgeo.com\/east-africa\/","name":"EllGeo Re East Africa -","isPartOf":{"@id":"https:\/\/ellgeo.com\/#website"},"primaryImageOfPage":{"@id":"https:\/\/ellgeo.com\/east-africa\/#primaryimage"},"image":{"@id":"https:\/\/ellgeo.com\/east-africa\/#primaryimage"},"thumbnailUrl":"https:\/\/ellgeo.com\/wp-content\/uploads\/2022\/09\/Copy-of-Copy-of-Copy-of-Copy-of-Blog-Photos.jpg","datePublished":"2023-10-31T13:27:08+00:00","dateModified":"2024-01-26T08:43:11+00:00","breadcrumb":{"@id":"https:\/\/ellgeo.com\/east-africa\/#breadcrumb"},"inLanguage":"fr-FR","potentialAction":[{"@type":"ReadAction","target":["https:\/\/ellgeo.com\/east-africa\/"]}]},{"@type":"ImageObject","inLanguage":"fr-FR","@id":"https:\/\/ellgeo.com\/east-africa\/#primaryimage","url":"https:\/\/ellgeo.com\/wp-content\/uploads\/2022\/09\/Copy-of-Copy-of-Copy-of-Copy-of-Blog-Photos.jpg","contentUrl":"https:\/\/ellgeo.com\/wp-content\/uploads\/2022\/09\/Copy-of-Copy-of-Copy-of-Copy-of-Blog-Photos.jpg","width":1280,"height":546},{"@type":"BreadcrumbList","@id":"https:\/\/ellgeo.com\/east-africa\/#breadcrumb","itemListElement":[{"@type":"ListItem","position":1,"name":"Home","item":"https:\/\/ellgeo.com\/"},{"@type":"ListItem","position":2,"name":"East Africa"}]},{"@type":"WebSite","@id":"https:\/\/ellgeo.com\/#website","url":"https:\/\/ellgeo.com\/","name":"EllGeo Re","description":"One of the leading Reinsurance Brokers","potentialAction":[{"@type":"SearchAction","target":{"@type":"EntryPoint","urlTemplate":"https:\/\/ellgeo.com\/?s={search_term_string}"},"query-input":{"@type":"PropertyValueSpecification","valueRequired":true,"valueName":"search_term_string"}}],"inLanguage":"fr-FR"}]}},"jetpack_sharing_enabled":true,"_links":{"self":[{"href":"https:\/\/ellgeo.com\/fr\/wp-json\/wp\/v2\/pages\/2755","targetHints":{"allow":["GET"]}}],"collection":[{"href":"https:\/\/ellgeo.com\/fr\/wp-json\/wp\/v2\/pages"}],"about":[{"href":"https:\/\/ellgeo.com\/fr\/wp-json\/wp\/v2\/types\/page"}],"author":[{"embeddable":true,"href":"https:\/\/ellgeo.com\/fr\/wp-json\/wp\/v2\/users\/1"}],"replies":[{"embeddable":true,"href":"https:\/\/ellgeo.com\/fr\/wp-json\/wp\/v2\/comments?post=2755"}],"version-history":[{"count":7,"href":"https:\/\/ellgeo.com\/fr\/wp-json\/wp\/v2\/pages\/2755\/revisions"}],"predecessor-version":[{"id":2868,"href":"https:\/\/ellgeo.com\/fr\/wp-json\/wp\/v2\/pages\/2755\/revisions\/2868"}],"wp:featuredmedia":[{"embeddable":true,"href":"https:\/\/ellgeo.com\/fr\/wp-json\/wp\/v2\/media\/2608"}],"wp:attachment":[{"href":"https:\/\/ellgeo.com\/fr\/wp-json\/wp\/v2\/media?parent=2755"}],"curies":[{"name":"wp","href":"https:\/\/api.w.org\/{rel}","templated":true}]}}