{"id":3163,"date":"2024-08-21T16:53:52","date_gmt":"2024-08-21T16:53:52","guid":{"rendered":"https:\/\/ellgeo.com\/?page_id=3163"},"modified":"2025-04-08T13:12:21","modified_gmt":"2025-04-08T13:12:21","slug":"video-gallery","status":"publish","type":"page","link":"https:\/\/ellgeo.com\/fr\/video-gallery\/","title":{"rendered":"Video Gallery"},"content":{"rendered":"<div class=\"wpb-content-wrapper\"><div id=\"gallery-wrap\" data-vc-full-width=\"true\" data-vc-full-width-init=\"false\" class=\"vc_row wpb_row vc_row-fluid\"><div class=\"wpb_column vc_column_container vc_col-sm-12\"><div class=\"vc_column-inner\"><div class=\"wpb_wrapper\">\n\t<div class=\"wpb_text_column wpb_content_element vc_custom_1724259546034\" >\n\t\t<div class=\"wpb_wrapper\">\n\t\t\t<h2 class=\"gallery-title\" style=\"text-align: center;\">VIDEO GALLERY<\/h2>\n\n\t\t<\/div>\n\t<\/div>\n\n\t<div class=\"wpb_text_column wpb_content_element vc_custom_1744117922692\" >\n\t\t<div class=\"wpb_wrapper\">\n\t\t\t<div class=\"video-gallery-wrap\">\n<div class=\"gal-wrap\">\n<div class=\"video-wrap\"><a title=\"Financial Lines Symposium\" rel=\"noreferrer\" href=\"https:\/\/www.youtube.com\/watch?v=2rb45BJ3MGI\" class=\"vp-a vp-yt-type vp-modal-click vp-modal-click_shortcode vp-has-img\"><img decoding=\"async\" class=\"vp-img\" src=\"https:\/\/ellgeo.com\/wp-content\/gallery\/financial-lines-symposium\/LGO-388.jpg\"><\/a><\/div>\n<div class=\"video-text-wrap\">\n<h2>Financial Lines Symposium<\/h2>\n<p>Nous remercions tous ceux qui nous ont rejoints pour le Financial Lines Symposium. Pendant deux jours passionnants, nous avons abord\u00e9 des sujets cruciaux tels que les produits de lignes financi\u00e8res durables, la dynamique des cycles, les sinistres en lignes financi\u00e8res et l'impact global de la cyber-assurance.\n<\/p><\/div>\n<\/div>\n<div class=\"gal-wrap\">\n<div class=\"video-wrap\"><a title=\"International Women\u2019s Day Symposium\" rel=\"noreferrer\" href=\"https:\/\/www.youtube.com\/watch?v=MpbCi4RZvt8\" class=\"vp-a vp-yt-type vp-modal-click vp-modal-click_shortcode vp-has-img\"><img decoding=\"async\" class=\"vp-img\" src=\"https:\/\/ellgeo.com\/wp-content\/uploads\/2025\/04\/video_002.webp\"><\/a><\/div>\n<div class=\"video-text-wrap\">\n<h2>International Women\u2019s Day Symposium<\/h2>\n<p>For a day, industry leaders, changemakers, and inspiring voices came together to explore the topic of Gender Equality in the Workplace at our International Women\u2019s Day Symposium. Through a dynamic panel discussion, interactive workshops, and meaningful conversations, participants engaged in insightful exchanges, sharing perspectives and strategies to drive positive change.\n<\/p><\/div>\n<\/div>\n<\/div>\n\n\t\t<\/div>\n\t<\/div>\n<\/div><\/div><\/div><\/div><div class=\"vc_row-full-width vc_clearfix\"><\/div>\n<\/div>","protected":false},"excerpt":{"rendered":"VIDEO GALLERY Financial Lines Symposium Over two enriching days, the Financial Lines Symposium delved into crucial topics such as sustainable financial lines products, cycle dynamics, financial lines claims, and the global impact of cyber insurance. International Women\u2019s Day Symposium For a day, industry leaders, changemakers, and inspiring voices came together to explore the topic of... <a class=\"view-article\" href=\"https:\/\/ellgeo.com\/fr\/video-gallery\/\">Voir l'article<\/a>","protected":false},"author":1,"featured_media":3246,"parent":0,"menu_order":0,"comment_status":"closed","ping_status":"closed","template":"template-demo.php","meta":{"ngg_post_thumbnail":0,"footnotes":""},"class_list":["post-3163","page","type-page","status-publish","has-post-thumbnail","hentry"],"yoast_head":"<!-- This site is optimized with the Yoast SEO plugin v27.3 - https:\/\/yoast.com\/product\/yoast-seo-wordpress\/ -->\n<title>Video Gallery - EllGeo Re<\/title>\n<meta name=\"description\" content=\"Photos and Videos of our events.\" \/>\n<meta name=\"robots\" content=\"index, follow, max-snippet:-1, max-image-preview:large, max-video-preview:-1\" \/>\n<link rel=\"canonical\" href=\"https:\/\/ellgeo.com\/fr\/video-gallery\/\" \/>\n<meta property=\"og:locale\" content=\"fr_FR\" \/>\n<meta property=\"og:type\" content=\"article\" \/>\n<meta property=\"og:title\" content=\"Video Gallery - EllGeo Re\" \/>\n<meta property=\"og:description\" content=\"Photos and Videos of our events.\" \/>\n<meta property=\"og:url\" content=\"https:\/\/ellgeo.com\/fr\/video-gallery\/\" \/>\n<meta property=\"og:site_name\" content=\"EllGeo Re\" \/>\n<meta property=\"article:modified_time\" content=\"2025-04-08T13:12:21+00:00\" \/>\n<meta property=\"og:image\" content=\"https:\/\/ellgeo.com\/wp-content\/uploads\/2024\/06\/Copy-of-Copy-of-Copy-of-Copy-of-Copy-of-Copy-of-Blog-Photos-2.jpg\" \/>\n\t<meta property=\"og:image:width\" content=\"1280\" \/>\n\t<meta property=\"og:image:height\" content=\"546\" \/>\n\t<meta property=\"og:image:type\" content=\"image\/jpeg\" \/>\n<meta name=\"twitter:card\" content=\"summary_large_image\" \/>\n<meta name=\"twitter:title\" content=\"Video Gallery - EllGeo Re\" \/>\n<meta name=\"twitter:description\" content=\"Photos and Videos of our events.\" \/>\n<meta name=\"twitter:image\" content=\"https:\/\/ellgeo.com\/wp-content\/uploads\/2024\/06\/Copy-of-Copy-of-Copy-of-Copy-of-Copy-of-Copy-of-Blog-Photos-2.jpg\" \/>\n<meta name=\"twitter:label1\" content=\"Dur\u00e9e de lecture estim\u00e9e\" \/>\n\t<meta name=\"twitter:data1\" content=\"2 minutes\" \/>\n<script type=\"application\/ld+json\" class=\"yoast-schema-graph\">{\"@context\":\"https:\\\/\\\/schema.org\",\"@graph\":[{\"@type\":\"WebPage\",\"@id\":\"https:\\\/\\\/ellgeo.com\\\/video-gallery\\\/\",\"url\":\"https:\\\/\\\/ellgeo.com\\\/video-gallery\\\/\",\"name\":\"Video Gallery - EllGeo Re\",\"isPartOf\":{\"@id\":\"https:\\\/\\\/ellgeo.com\\\/#website\"},\"primaryImageOfPage\":{\"@id\":\"https:\\\/\\\/ellgeo.com\\\/video-gallery\\\/#primaryimage\"},\"image\":{\"@id\":\"https:\\\/\\\/ellgeo.com\\\/video-gallery\\\/#primaryimage\"},\"thumbnailUrl\":\"https:\\\/\\\/ellgeo.com\\\/wp-content\\\/uploads\\\/2025\\\/02\\\/Website-Header.jpg\",\"datePublished\":\"2024-08-21T16:53:52+00:00\",\"dateModified\":\"2025-04-08T13:12:21+00:00\",\"description\":\"Photos and Videos of our events.\",\"breadcrumb\":{\"@id\":\"https:\\\/\\\/ellgeo.com\\\/video-gallery\\\/#breadcrumb\"},\"inLanguage\":\"fr-FR\",\"potentialAction\":[{\"@type\":\"ReadAction\",\"target\":[\"https:\\\/\\\/ellgeo.com\\\/video-gallery\\\/\"]}]},{\"@type\":\"ImageObject\",\"inLanguage\":\"fr-FR\",\"@id\":\"https:\\\/\\\/ellgeo.com\\\/video-gallery\\\/#primaryimage\",\"url\":\"https:\\\/\\\/ellgeo.com\\\/wp-content\\\/uploads\\\/2025\\\/02\\\/Website-Header.jpg\",\"contentUrl\":\"https:\\\/\\\/ellgeo.com\\\/wp-content\\\/uploads\\\/2025\\\/02\\\/Website-Header.jpg\",\"width\":1280,\"height\":546},{\"@type\":\"BreadcrumbList\",\"@id\":\"https:\\\/\\\/ellgeo.com\\\/video-gallery\\\/#breadcrumb\",\"itemListElement\":[{\"@type\":\"ListItem\",\"position\":1,\"name\":\"Home\",\"item\":\"https:\\\/\\\/ellgeo.com\\\/\"},{\"@type\":\"ListItem\",\"position\":2,\"name\":\"Video Gallery\"}]},{\"@type\":\"WebSite\",\"@id\":\"https:\\\/\\\/ellgeo.com\\\/#website\",\"url\":\"https:\\\/\\\/ellgeo.com\\\/\",\"name\":\"EllGeo Re\",\"description\":\"One of the leading Reinsurance Brokers\",\"potentialAction\":[{\"@type\":\"SearchAction\",\"target\":{\"@type\":\"EntryPoint\",\"urlTemplate\":\"https:\\\/\\\/ellgeo.com\\\/?s={search_term_string}\"},\"query-input\":{\"@type\":\"PropertyValueSpecification\",\"valueRequired\":true,\"valueName\":\"search_term_string\"}}],\"inLanguage\":\"fr-FR\"}]}<\/script>\n<!-- \/ Yoast SEO plugin. -->","yoast_head_json":{"title":"Video Gallery - EllGeo Re","description":"Photos and Videos of our events.","robots":{"index":"index","follow":"follow","max-snippet":"max-snippet:-1","max-image-preview":"max-image-preview:large","max-video-preview":"max-video-preview:-1"},"canonical":"https:\/\/ellgeo.com\/fr\/video-gallery\/","og_locale":"fr_FR","og_type":"article","og_title":"Video Gallery - EllGeo Re","og_description":"Photos and Videos of our events.","og_url":"https:\/\/ellgeo.com\/fr\/video-gallery\/","og_site_name":"EllGeo Re","article_modified_time":"2025-04-08T13:12:21+00:00","og_image":[{"width":1280,"height":546,"url":"https:\/\/ellgeo.com\/wp-content\/uploads\/2024\/06\/Copy-of-Copy-of-Copy-of-Copy-of-Copy-of-Copy-of-Blog-Photos-2.jpg","type":"image\/jpeg"}],"twitter_card":"summary_large_image","twitter_title":"Video Gallery - EllGeo Re","twitter_description":"Photos and Videos of our events.","twitter_image":"https:\/\/ellgeo.com\/wp-content\/uploads\/2024\/06\/Copy-of-Copy-of-Copy-of-Copy-of-Copy-of-Copy-of-Blog-Photos-2.jpg","twitter_misc":{"Dur\u00e9e de lecture estim\u00e9e":"2 minutes"},"schema":{"@context":"https:\/\/schema.org","@graph":[{"@type":"WebPage","@id":"https:\/\/ellgeo.com\/video-gallery\/","url":"https:\/\/ellgeo.com\/video-gallery\/","name":"Video Gallery - EllGeo Re","isPartOf":{"@id":"https:\/\/ellgeo.com\/#website"},"primaryImageOfPage":{"@id":"https:\/\/ellgeo.com\/video-gallery\/#primaryimage"},"image":{"@id":"https:\/\/ellgeo.com\/video-gallery\/#primaryimage"},"thumbnailUrl":"https:\/\/ellgeo.com\/wp-content\/uploads\/2025\/02\/Website-Header.jpg","datePublished":"2024-08-21T16:53:52+00:00","dateModified":"2025-04-08T13:12:21+00:00","description":"Photos and Videos of our events.","breadcrumb":{"@id":"https:\/\/ellgeo.com\/video-gallery\/#breadcrumb"},"inLanguage":"fr-FR","potentialAction":[{"@type":"ReadAction","target":["https:\/\/ellgeo.com\/video-gallery\/"]}]},{"@type":"ImageObject","inLanguage":"fr-FR","@id":"https:\/\/ellgeo.com\/video-gallery\/#primaryimage","url":"https:\/\/ellgeo.com\/wp-content\/uploads\/2025\/02\/Website-Header.jpg","contentUrl":"https:\/\/ellgeo.com\/wp-content\/uploads\/2025\/02\/Website-Header.jpg","width":1280,"height":546},{"@type":"BreadcrumbList","@id":"https:\/\/ellgeo.com\/video-gallery\/#breadcrumb","itemListElement":[{"@type":"ListItem","position":1,"name":"Home","item":"https:\/\/ellgeo.com\/"},{"@type":"ListItem","position":2,"name":"Video Gallery"}]},{"@type":"WebSite","@id":"https:\/\/ellgeo.com\/#website","url":"https:\/\/ellgeo.com\/","name":"EllGeo Re","description":"One of the leading Reinsurance Brokers","potentialAction":[{"@type":"SearchAction","target":{"@type":"EntryPoint","urlTemplate":"https:\/\/ellgeo.com\/?s={search_term_string}"},"query-input":{"@type":"PropertyValueSpecification","valueRequired":true,"valueName":"search_term_string"}}],"inLanguage":"fr-FR"}]}},"jetpack_sharing_enabled":true,"_links":{"self":[{"href":"https:\/\/ellgeo.com\/fr\/wp-json\/wp\/v2\/pages\/3163","targetHints":{"allow":["GET"]}}],"collection":[{"href":"https:\/\/ellgeo.com\/fr\/wp-json\/wp\/v2\/pages"}],"about":[{"href":"https:\/\/ellgeo.com\/fr\/wp-json\/wp\/v2\/types\/page"}],"author":[{"embeddable":true,"href":"https:\/\/ellgeo.com\/fr\/wp-json\/wp\/v2\/users\/1"}],"replies":[{"embeddable":true,"href":"https:\/\/ellgeo.com\/fr\/wp-json\/wp\/v2\/comments?post=3163"}],"version-history":[{"count":34,"href":"https:\/\/ellgeo.com\/fr\/wp-json\/wp\/v2\/pages\/3163\/revisions"}],"predecessor-version":[{"id":3271,"href":"https:\/\/ellgeo.com\/fr\/wp-json\/wp\/v2\/pages\/3163\/revisions\/3271"}],"wp:featuredmedia":[{"embeddable":true,"href":"https:\/\/ellgeo.com\/fr\/wp-json\/wp\/v2\/media\/3246"}],"wp:attachment":[{"href":"https:\/\/ellgeo.com\/fr\/wp-json\/wp\/v2\/media?parent=3163"}],"curies":[{"name":"wp","href":"https:\/\/api.w.org\/{rel}","templated":true}]}}